{"id":901,"date":"2021-07-16T16:20:42","date_gmt":"2021-07-16T14:20:42","guid":{"rendered":"https:\/\/www.bv-trad.com\/?page_id=901"},"modified":"2021-09-20T10:39:57","modified_gmt":"2021-09-20T08:39:57","slug":"home","status":"publish","type":"page","link":"https:\/\/www.bv-trad.com\/es\/","title":{"rendered":"Inicio"},"content":{"rendered":"\n<div class=\"wp-block-cover alignfull has-background-dim has-parallax\" style=\"background-image:url(https:\/\/www.bv-trad.com\/wp-content\/uploads\/2021\/06\/bv-trad-home-1.jpg);background-color:#040219;min-height:750px\"><div class=\"wp-block-cover__inner-container\">\n<h3 class=\"has-text-align-center has-white-color has-text-color\"><span class=\"has-inline-color has-white-color\">Bienvenidos a BV TRAD&#8217;<\/span><\/h3>\n\n\n\n<hr class=\"wp-block-separator aligncenter\"\/>\n\n\n\n<h1 class=\"has-text-align-center has-white-color has-text-color\"><span class=\"has-inline-color has-white-color\">El especialista de la traducci\u00f3n<\/span><\/h1>\n\n\n\n<h1 class=\"has-text-align-center has-white-color has-text-color\"><span class=\"has-inline-color has-white-color\">en Par\u00eds<\/span><\/h1>\n<\/div><\/div>\n\n\n\n<div class=\"wp-block-group alignfull has-white-background-color has-background\"><div class=\"wp-block-group__inner-container\">\n<blockquote class=\"wp-block-quote has-text-align-center is-style-default\"><p><\/p><p>\u00ab<em>Los l\u00edmites de mi idioma son los l\u00edmites de mi universo\u00bb<\/em><\/p><cite>Ludwig Wittgenstein<\/cite><\/blockquote>\n\n\n\n<hr class=\"wp-block-separator has-text-color has-background has-white-background-color has-white-color is-style-dots\"\/>\n\n\n\n<h2 class=\"has-text-align-center\">Agencia de traducci\u00f3n <\/h2>\n\n\n\n<h2 class=\"has-text-align-center\">y servicios ling\u00fc\u00edsticos en Par\u00eds<\/h2>\n\n\n\n<div class=\"wp-block-group\"><div class=\"wp-block-group__inner-container\">\n<div class=\"wp-block-media-text alignwide is-stacked-on-mobile\"><figure class=\"wp-block-media-text__media\"><img loading=\"lazy\" width=\"1024\" height=\"639\" src=\"https:\/\/www.bv-trad.com\/wp-content\/uploads\/2021\/05\/shutterstock_386648416-3-1024x639.jpg\" alt=\"\" class=\"wp-image-284 size-full\" srcset=\"https:\/\/www.bv-trad.com\/wp-content\/uploads\/2021\/05\/shutterstock_386648416-3-1024x639.jpg 1024w, https:\/\/www.bv-trad.com\/wp-content\/uploads\/2021\/05\/shutterstock_386648416-3-300x187.jpg 300w, https:\/\/www.bv-trad.com\/wp-content\/uploads\/2021\/05\/shutterstock_386648416-3-768x480.jpg 768w, https:\/\/www.bv-trad.com\/wp-content\/uploads\/2021\/05\/shutterstock_386648416-3-1536x959.jpg 1536w, https:\/\/www.bv-trad.com\/wp-content\/uploads\/2021\/05\/shutterstock_386648416-3-2048x1279.jpg 2048w\" sizes=\"(max-width: 1024px) 100vw, 1024px\" \/><\/figure><div class=\"wp-block-media-text__content\">\n<h3 class=\"has-text-align-center\"><span class=\"has-inline-color has-vivid-red-color\">LOS SERVICIOS DE BV TRAD&#8217;<\/span><\/h3>\n\n\n\n<p class=\"has-text-align-left\">BV TRAD&#8217;, colaborador de cincuentenas de empresas en el \u00e1mbito de los idiomas desde hace m\u00e1s de veinticinco a\u00f1os; nuestra especialidad:<\/p>\n\n\n\n<p class=\"has-text-align-center\"><strong><strong>Traducci\u00f3n de documentos.<\/strong><\/strong><\/p>\n\n\n\n<p>Hoy m\u00e1s que nunca, extender sus actividades a todos los continentes es un imperativo para las empresas. El dominio de los idiomas y de sus t\u00e9cnicas, as\u00ed como el conocimiento de sus culturas, es un factor clave de \u00e9xito en la internacionalizaci\u00f3n de los mercados.<\/p>\n\n\n\n<p>En nuestros d\u00edas, existen programas de traducci\u00f3n que pueden servir de ayuda, pero hasta ahora sigue siendo irreemplazable <strong>EL traductor<\/strong>.<\/p>\n<\/div><\/div>\n<\/div><\/div>\n\n\n\n<div class=\"wp-block-media-text alignwide has-media-on-the-right is-stacked-on-mobile\"><figure class=\"wp-block-media-text__media\"><img loading=\"lazy\" width=\"1024\" height=\"737\" src=\"https:\/\/www.bv-trad.com\/wp-content\/uploads\/2021\/05\/shutterstock_178558850-1024x737.jpg\" alt=\"\" class=\"wp-image-285 size-full\" srcset=\"https:\/\/www.bv-trad.com\/wp-content\/uploads\/2021\/05\/shutterstock_178558850-1024x737.jpg 1024w, https:\/\/www.bv-trad.com\/wp-content\/uploads\/2021\/05\/shutterstock_178558850-300x216.jpg 300w, https:\/\/www.bv-trad.com\/wp-content\/uploads\/2021\/05\/shutterstock_178558850-768x552.jpg 768w, https:\/\/www.bv-trad.com\/wp-content\/uploads\/2021\/05\/shutterstock_178558850-1536x1105.jpg 1536w, https:\/\/www.bv-trad.com\/wp-content\/uploads\/2021\/05\/shutterstock_178558850-2048x1473.jpg 2048w\" sizes=\"(max-width: 1024px) 100vw, 1024px\" \/><\/figure><div class=\"wp-block-media-text__content\">\n<h3 class=\"has-text-align-center\"><span class=\"has-inline-color has-vivid-red-color\">ESPECIALISTA EN M\u00c1S DE 100 IDIOMAS <\/span><\/h3>\n\n\n\n<p>Sea cual sea su solicitud, le ofrecemos en cada tema un servicio de traducci\u00f3n de calidad, a cargo de nuestros traductores expertos, que trabajan en su idioma nativo y dentro de sus \u00e1mbitos de competencia, y luego una relectura en profundidad, respetando los plazos impartidos.<\/p>\n\n\n\n<p>Una acci\u00f3n s\u00f3lo se juzga por la calidad de sus resultados.<\/p>\n\n\n\n<p>Testimonio de ello es la fidelidad de nuestros clientes. Nuestra misi\u00f3n es hacer crecer a esta familia, crecimiento que ser\u00e1 el resultado exclusivo de nuestro trabajo.<\/p>\n\n\n\n<p>En pocas p\u00e1ginas este sitio le presenta nuestros m\u00e9todos de trabajo, nuestras competencias, nuestra experiencia y, ante todo, la filosof\u00eda de nuestro funcionamiento.<\/p>\n\n\n\n<p class=\"has-text-align-left\">Nuestra agencia de traducci\u00f3n se encarga de todo tipo de traducciones para sus proyectos, en diversos campos: t\u00e9cnico, general, jur\u00eddico, comercial, sitio web, etc., traducciones simples o juradas, en m\u00e1s de 100 combinaciones ling\u00fc\u00edsticas diferentes.<\/p>\n<\/div><\/div>\n\n\n\n<hr class=\"wp-block-separator has-text-color has-background has-white-background-color has-white-color is-style-dots\"\/>\n\n\n\n<p>Para completar nuestros servicios, tambi\u00e9n nos encargamos de los procedimientos de legalizaci\u00f3n de sus documentos, si as\u00ed lo solicitan las autoridades extranjeras, a fin de evitar la tramitaci\u00f3n in situ en el pa\u00eds de que se trate.<\/p>\n\n\n\n<p>BV TRAD\u2019 se compromete, de conformidad con las normas deontol\u00f3gicas de la profesi\u00f3n as\u00ed como con el art\u00edculo 226-13 del C\u00f3digo Penal franc\u00e9s, a respetar, seg\u00fan corresponda, el secreto profesional en cuanto al contenido de los textos que se le conf\u00edan. <\/p>\n\n\n\n<p>Gracias a este sitio, puede conocernos, pero de una manera que no puede ser exhaustiva. Por nuestra parte, nuestra prioridad es realizar la suya.<\/p>\n\n\n\n<p>Para ello, la mejor manera es contactar a nuestros servicios, que con gran placer responder\u00e1n a sus pedidos de informaci\u00f3n. <\/p>\n\n\n\n<p>\u00a1No dude un segundo en recurrir a nuestra agencia de traducci\u00f3n!<\/p>\n<\/div><\/div>\n\n\n\n<p><\/p>\n","protected":false},"excerpt":{"rendered":"<p>\u00abLos l\u00edmites de mi idioma son los l\u00edmites de mi universo\u00bb Ludwig Wittgenstein Agencia de traducci\u00f3n y servicios ling\u00fc\u00edsticos en Par\u00eds LOS SERVICIOS DE BV TRAD&#8217; BV TRAD&#8217;, colaborador de cincuentenas de empresas en el \u00e1mbito de los idiomas desde hace m\u00e1s de veinticinco a\u00f1os; nuestra especialidad: Traducci\u00f3n de documentos. Hoy m\u00e1s que nunca, extender &hellip;<\/p>\n<p class=\"read-more\"> <a class=\"\" href=\"https:\/\/www.bv-trad.com\/es\/\"> <span class=\"screen-reader-text\">Inicio<\/span> Leer m\u00e1s &raquo;<\/a><\/p>\n","protected":false},"author":1,"featured_media":0,"parent":0,"menu_order":0,"comment_status":"closed","ping_status":"closed","template":"","meta":[],"yoast_head":"<!-- This site is optimized with the Yoast SEO plugin v16.4 - https:\/\/yoast.com\/wordpress\/plugins\/seo\/ -->\n<title>Inicio - BV Trad\u2019<\/title>\n<meta name=\"robots\" content=\"index, follow, max-snippet:-1, max-image-preview:large, max-video-preview:-1\" \/>\n<link rel=\"canonical\" href=\"https:\/\/www.bv-trad.com\/es\/\" \/>\n<meta property=\"og:locale\" content=\"es_ES\" \/>\n<meta property=\"og:type\" content=\"article\" \/>\n<meta property=\"og:title\" content=\"Inicio - BV Trad\u2019\" \/>\n<meta property=\"og:description\" content=\"\u00abLos l\u00edmites de mi idioma son los l\u00edmites de mi universo\u00bb Ludwig Wittgenstein Agencia de traducci\u00f3n y servicios ling\u00fc\u00edsticos en Par\u00eds LOS SERVICIOS DE BV TRAD&#8217; BV TRAD&#8217;, colaborador de cincuentenas de empresas en el \u00e1mbito de los idiomas desde hace m\u00e1s de veinticinco a\u00f1os; nuestra especialidad: Traducci\u00f3n de documentos. Hoy m\u00e1s que nunca, extender &hellip; Inicio Leer m\u00e1s &raquo;\" \/>\n<meta property=\"og:url\" content=\"https:\/\/www.bv-trad.com\/es\/\" \/>\n<meta property=\"og:site_name\" content=\"BV Trad\u2019\" \/>\n<meta property=\"article:modified_time\" content=\"2021-09-20T08:39:57+00:00\" \/>\n<meta property=\"og:image\" content=\"https:\/\/www.bv-trad.com\/wp-content\/uploads\/2021\/05\/shutterstock_386648416-3-1024x639.jpg\" \/>\n<meta name=\"twitter:card\" content=\"summary_large_image\" \/>\n<meta name=\"twitter:label1\" content=\"Tiempo de lectura\" \/>\n\t<meta name=\"twitter:data1\" content=\"3 minutos\" \/>\n<script type=\"application\/ld+json\" class=\"yoast-schema-graph\">{\"@context\":\"https:\/\/schema.org\",\"@graph\":[{\"@type\":\"WebSite\",\"@id\":\"https:\/\/www.bv-trad.com\/#website\",\"url\":\"https:\/\/www.bv-trad.com\/\",\"name\":\"BV Trad\\u2019\",\"description\":\"Un site utilisant WordPress\",\"potentialAction\":[{\"@type\":\"SearchAction\",\"target\":\"https:\/\/www.bv-trad.com\/?s={search_term_string}\",\"query-input\":\"required name=search_term_string\"}],\"inLanguage\":\"es\"},{\"@type\":\"ImageObject\",\"@id\":\"https:\/\/www.bv-trad.com\/es\/#primaryimage\",\"inLanguage\":\"es\",\"url\":\"https:\/\/www.bv-trad.com\/wp-content\/uploads\/2021\/05\/shutterstock_386648416-3-1024x639.jpg\",\"contentUrl\":\"https:\/\/www.bv-trad.com\/wp-content\/uploads\/2021\/05\/shutterstock_386648416-3-1024x639.jpg\"},{\"@type\":\"WebPage\",\"@id\":\"https:\/\/www.bv-trad.com\/es\/#webpage\",\"url\":\"https:\/\/www.bv-trad.com\/es\/\",\"name\":\"Inicio - BV Trad\\u2019\",\"isPartOf\":{\"@id\":\"https:\/\/www.bv-trad.com\/#website\"},\"primaryImageOfPage\":{\"@id\":\"https:\/\/www.bv-trad.com\/es\/#primaryimage\"},\"datePublished\":\"2021-07-16T14:20:42+00:00\",\"dateModified\":\"2021-09-20T08:39:57+00:00\",\"breadcrumb\":{\"@id\":\"https:\/\/www.bv-trad.com\/es\/#breadcrumb\"},\"inLanguage\":\"es\",\"potentialAction\":[{\"@type\":\"ReadAction\",\"target\":[\"https:\/\/www.bv-trad.com\/es\/\"]}]},{\"@type\":\"BreadcrumbList\",\"@id\":\"https:\/\/www.bv-trad.com\/es\/#breadcrumb\",\"itemListElement\":[{\"@type\":\"ListItem\",\"position\":1,\"item\":{\"@id\":\"https:\/\/www.bv-trad.com\/es\/#webpage\"}}]}]}<\/script>\n<!-- \/ Yoast SEO plugin. -->","_links":{"self":[{"href":"https:\/\/www.bv-trad.com\/es\/wp-json\/wp\/v2\/pages\/901"}],"collection":[{"href":"https:\/\/www.bv-trad.com\/es\/wp-json\/wp\/v2\/pages"}],"about":[{"href":"https:\/\/www.bv-trad.com\/es\/wp-json\/wp\/v2\/types\/page"}],"author":[{"embeddable":true,"href":"https:\/\/www.bv-trad.com\/es\/wp-json\/wp\/v2\/users\/1"}],"replies":[{"embeddable":true,"href":"https:\/\/www.bv-trad.com\/es\/wp-json\/wp\/v2\/comments?post=901"}],"version-history":[{"count":2,"href":"https:\/\/www.bv-trad.com\/es\/wp-json\/wp\/v2\/pages\/901\/revisions"}],"predecessor-version":[{"id":968,"href":"https:\/\/www.bv-trad.com\/es\/wp-json\/wp\/v2\/pages\/901\/revisions\/968"}],"wp:attachment":[{"href":"https:\/\/www.bv-trad.com\/es\/wp-json\/wp\/v2\/media?parent=901"}],"curies":[{"name":"wp","href":"https:\/\/api.w.org\/{rel}","templated":true}]}}