{"id":802,"date":"2020-09-15T06:49:03","date_gmt":"2020-09-15T06:49:03","guid":{"rendered":"https:\/\/www.bv-trad.com\/contact\/"},"modified":"2021-09-20T11:22:01","modified_gmt":"2021-09-20T09:22:01","slug":"contact","status":"publish","type":"page","link":"https:\/\/www.bv-trad.com\/es\/contact\/","title":{"rendered":"Contacto"},"content":{"rendered":"\n<div class=\"wp-block-cover alignfull has-black-background-color has-background-dim has-parallax\" style=\"background-image:url(https:\/\/www.bv-trad.com\/wp-content\/uploads\/2021\/05\/shutterstock_1099878668-scaled.jpg);min-height:600px\"><div class=\"wp-block-cover__inner-container\">\n<h1 class=\"has-text-align-center has-white-color has-text-color\"><span class=\"has-inline-color has-white-color\">ContactO<\/span><\/h1>\n<\/div><\/div>\n\n\n\n<div class=\"wp-block-group alignfull has-white-background-color has-background\"><div class=\"wp-block-group__inner-container\">\n<div class=\"wp-block-columns are-vertically-aligned-center\">\n<div class=\"wp-block-column is-vertically-aligned-center\">\n<h2>Solicitud de informaci\u00f3n<\/h2>\n\n\n<div class=\"wpforms-container \" id=\"wpforms-1032\"><form id=\"wpforms-form-1032\" class=\"wpforms-validate wpforms-form\" data-formid=\"1032\" method=\"post\" enctype=\"multipart\/form-data\" action=\"\/es\/wp-json\/wp\/v2\/pages\/802\" data-token=\"af96c10d8f2506c9022e30d56b0a7f09\"><noscript class=\"wpforms-error-noscript\">Por favor, activa JavaScript en tu navegador para completar este formulario.<\/noscript><div class=\"wpforms-field-container\"><div id=\"wpforms-1032-field_0-container\" class=\"wpforms-field wpforms-field-name\" data-field-id=\"0\"><label class=\"wpforms-field-label wpforms-label-hide\" for=\"wpforms-1032-field_0\">Nom <span class=\"wpforms-required-label\">*<\/span><\/label><input type=\"text\" id=\"wpforms-1032-field_0\" class=\"wpforms-field-large wpforms-field-required\" name=\"wpforms[fields][0]\" placeholder=\"nombre y apellido o nombre de la empresa*\" required><\/div><div id=\"wpforms-1032-field_6-container\" class=\"wpforms-field wpforms-field-text\" data-field-id=\"6\"><label class=\"wpforms-field-label wpforms-label-hide\" for=\"wpforms-1032-field_6\">Telephone <span class=\"wpforms-required-label\">*<\/span><\/label><input type=\"text\" id=\"wpforms-1032-field_6\" class=\"wpforms-field-large wpforms-field-required\" name=\"wpforms[fields][6]\" placeholder=\"N\u00ba de tel\u00e9fono*\" required><\/div><div id=\"wpforms-1032-field_1-container\" class=\"wpforms-field wpforms-field-email\" data-field-id=\"1\"><label class=\"wpforms-field-label wpforms-label-hide\" for=\"wpforms-1032-field_1\">Email <span class=\"wpforms-required-label\">*<\/span><\/label><input type=\"email\" id=\"wpforms-1032-field_1\" class=\"wpforms-field-large wpforms-field-required\" name=\"wpforms[fields][1]\" placeholder=\"correo electr\u00f3nico*\" required><\/div><div id=\"wpforms-1032-field_8-container\" class=\"wpforms-field wpforms-field-select wpforms-field-select-style-classic\" data-field-id=\"8\"><label class=\"wpforms-field-label wpforms-label-hide\" for=\"wpforms-1032-field_8\">Type de travail <span class=\"wpforms-required-label\">*<\/span><\/label><select id=\"wpforms-1032-field_8\" class=\"wpforms-field-large wpforms-field-required\" name=\"wpforms[fields][8]\" required=\"required\"><option value=\"\" class=\"placeholder\" disabled  selected='selected'>tipo de trabajo*<\/option><option value=\"Traduction simple\" >Traduction simple<\/option><option value=\"Traduction asserment\u00e9e\" >Traduction asserment\u00e9e<\/option><option value=\"Interpr\u00e9tariat\" >Interpr\u00e9tariat<\/option><option value=\"L\u00e9galisation\" >L\u00e9galisation<\/option><\/select><\/div><div id=\"wpforms-1032-field_2-container\" class=\"wpforms-field wpforms-field-textarea\" data-field-id=\"2\"><label class=\"wpforms-field-label wpforms-label-hide\" for=\"wpforms-1032-field_2\">Message<\/label><textarea id=\"wpforms-1032-field_2\" class=\"wpforms-field-medium\" name=\"wpforms[fields][2]\" placeholder=\"mensaje\" ><\/textarea><\/div><\/div><div class=\"wpforms-field wpforms-field-hp\"><label for=\"wpforms-1032-field-hp\" class=\"wpforms-field-label\">Message<\/label><input type=\"text\" name=\"wpforms[hp]\" id=\"wpforms-1032-field-hp\" class=\"wpforms-field-medium\"><\/div><div class=\"wpforms-submit-container\" ><input type=\"hidden\" name=\"wpforms[id]\" value=\"1032\"><input type=\"hidden\" name=\"wpforms[author]\" value=\"1\"><button type=\"submit\" name=\"wpforms[submit]\" class=\"wpforms-submit \" id=\"wpforms-submit-1032\" value=\"wpforms-submit\" aria-live=\"assertive\" data-alt-text=\"Envoi en cours...\" data-submit-text=\"Enviado\">Enviado<\/button><\/div><\/form><\/div>  <!-- .wpforms-container --><\/div>\n\n\n\n<div class=\"wp-block-column is-vertically-aligned-center\">\n<div class=\"wp-block-group\"><div class=\"wp-block-group__inner-container\">\n<h2>Contacto<\/h2>\n\n\n\n<p><strong>Direcci\u00f3n postal<\/strong><br>28, Rue Vitruve 75020 PARIS<\/p>\n\n\n\n<p><strong>Email<\/strong><br>contact@bv-trad.com\u200b<\/p>\n\n\n\n<p><strong>N\u00famero de tel\u00e9fono<\/strong><br>+33 1 58 45 15 76 &#8211; +33 6 59 33 67 94<\/p>\n\n\n\n<figure class=\"wp-block-image size-large is-resized\"><img loading=\"lazy\" src=\"https:\/\/www.bv-trad.com\/wp-content\/uploads\/2021\/06\/bureau-web-1-1024x918.jpg\" alt=\"\" class=\"wp-image-472\" width=\"284\" height=\"254\" srcset=\"https:\/\/www.bv-trad.com\/wp-content\/uploads\/2021\/06\/bureau-web-1-1024x918.jpg 1024w, https:\/\/www.bv-trad.com\/wp-content\/uploads\/2021\/06\/bureau-web-1-300x269.jpg 300w, https:\/\/www.bv-trad.com\/wp-content\/uploads\/2021\/06\/bureau-web-1-768x689.jpg 768w, https:\/\/www.bv-trad.com\/wp-content\/uploads\/2021\/06\/bureau-web-1.jpg 1200w\" sizes=\"(max-width: 284px) 100vw, 284px\" \/><\/figure>\n<\/div><\/div>\n<\/div>\n<\/div>\n<\/div><\/div>\n\n\n\n<h2 class=\"has-text-align-center\"><strong><span class=\"has-inline-color has-black-color\">Contrataci<strong>\u00f3<\/strong>n<\/span><\/strong><\/h2>\n\n\n\n<p>Somos una agencia de traducci\u00f3n de alto nivel internacional y recurrimos a los traductores independientes m\u00e1s cualificados.<\/p>\n\n\n\n<p>En la actualidad, somos un equipo de m\u00e1s de 100 traductores cualificados, cada uno en su idioma de trabajo y en su \u00e1mbito de especializaci\u00f3n. Nuestro objetivo es hacer que este equipo crezca a\u00fan m\u00e1s con ling\u00fcistas apasionados, talentosos y experimentados en \u00e1reas espec\u00edficas de todas las regiones del mundo.<\/p>\n\n\n\n<p>Si usted es admitido en nuestro elenco, a menudo sus tareas ser\u00e1n dif\u00edciles y estar\u00e1n dirigidas a un amplio abanico de servicios e industrias. <\/p>\n\n\n\n<p>\u00a1No deje de contactarnos!<\/p>\n\n\n\n<p><\/p>\n\n\n\n<p><\/p>\n","protected":false},"excerpt":{"rendered":"<p>Solicitud de informaci\u00f3n Contacto Direcci\u00f3n postal28, Rue Vitruve 75020 PARIS Emailcontact@bv-trad.com\u200b N\u00famero de tel\u00e9fono+33 1 58 45 15 76 &#8211; +33 6 59 33 67 94 Contrataci\u00f3n Somos una agencia de traducci\u00f3n de alto nivel internacional y recurrimos a los traductores independientes m\u00e1s cualificados. En la actualidad, somos un equipo de m\u00e1s de 100 traductores &hellip;<\/p>\n<p class=\"read-more\"> <a class=\"\" href=\"https:\/\/www.bv-trad.com\/es\/contact\/\"> <span class=\"screen-reader-text\">Contacto<\/span> Leer m\u00e1s &raquo;<\/a><\/p>\n","protected":false},"author":1,"featured_media":0,"parent":0,"menu_order":0,"comment_status":"closed","ping_status":"closed","template":"","meta":[],"yoast_head":"<!-- This site is optimized with the Yoast SEO plugin v16.4 - https:\/\/yoast.com\/wordpress\/plugins\/seo\/ -->\n<title>Contacto - BV Trad\u2019<\/title>\n<meta name=\"description\" content=\"Para cualquier informaci\u00f3n sobre los servicios de BV Trad\u2019, s\u00edrvase contactarnos por tel\u00e9fono o mediante el formulario de contacto.\" \/>\n<meta name=\"robots\" content=\"index, follow, max-snippet:-1, max-image-preview:large, max-video-preview:-1\" \/>\n<link rel=\"canonical\" href=\"https:\/\/www.bv-trad.com\/es\/contact\/\" \/>\n<meta property=\"og:locale\" content=\"es_ES\" \/>\n<meta property=\"og:type\" content=\"article\" \/>\n<meta property=\"og:title\" content=\"Contacto - BV Trad\u2019\" \/>\n<meta property=\"og:description\" content=\"Para cualquier informaci\u00f3n sobre los servicios de BV Trad\u2019, s\u00edrvase contactarnos por tel\u00e9fono o mediante el formulario de contacto.\" \/>\n<meta property=\"og:url\" content=\"https:\/\/www.bv-trad.com\/es\/contact\/\" \/>\n<meta property=\"og:site_name\" content=\"BV Trad\u2019\" \/>\n<meta property=\"article:modified_time\" content=\"2021-09-20T09:22:01+00:00\" \/>\n<meta property=\"og:image\" content=\"https:\/\/www.bv-trad.com\/wp-content\/uploads\/2021\/06\/bureau-web-1-1024x918.jpg\" \/>\n<meta name=\"twitter:card\" content=\"summary_large_image\" \/>\n<meta name=\"twitter:label1\" content=\"Tiempo de lectura\" \/>\n\t<meta name=\"twitter:data1\" content=\"1 minuto\" \/>\n<script type=\"application\/ld+json\" class=\"yoast-schema-graph\">{\"@context\":\"https:\/\/schema.org\",\"@graph\":[{\"@type\":\"WebSite\",\"@id\":\"https:\/\/www.bv-trad.com\/#website\",\"url\":\"https:\/\/www.bv-trad.com\/\",\"name\":\"BV Trad\\u2019\",\"description\":\"Un site utilisant WordPress\",\"potentialAction\":[{\"@type\":\"SearchAction\",\"target\":\"https:\/\/www.bv-trad.com\/?s={search_term_string}\",\"query-input\":\"required name=search_term_string\"}],\"inLanguage\":\"es\"},{\"@type\":\"ImageObject\",\"@id\":\"https:\/\/www.bv-trad.com\/es\/contact\/#primaryimage\",\"inLanguage\":\"es\",\"url\":\"https:\/\/www.bv-trad.com\/wp-content\/uploads\/2021\/06\/bureau-web-1.jpg\",\"contentUrl\":\"https:\/\/www.bv-trad.com\/wp-content\/uploads\/2021\/06\/bureau-web-1.jpg\",\"width\":1200,\"height\":1076},{\"@type\":\"WebPage\",\"@id\":\"https:\/\/www.bv-trad.com\/es\/contact\/#webpage\",\"url\":\"https:\/\/www.bv-trad.com\/es\/contact\/\",\"name\":\"Contacto - BV Trad\\u2019\",\"isPartOf\":{\"@id\":\"https:\/\/www.bv-trad.com\/#website\"},\"primaryImageOfPage\":{\"@id\":\"https:\/\/www.bv-trad.com\/es\/contact\/#primaryimage\"},\"datePublished\":\"2020-09-15T06:49:03+00:00\",\"dateModified\":\"2021-09-20T09:22:01+00:00\",\"description\":\"Para cualquier informaci\\u00f3n sobre los servicios de BV Trad\\u2019, s\\u00edrvase contactarnos por tel\\u00e9fono o mediante el formulario de contacto.\",\"breadcrumb\":{\"@id\":\"https:\/\/www.bv-trad.com\/es\/contact\/#breadcrumb\"},\"inLanguage\":\"es\",\"potentialAction\":[{\"@type\":\"ReadAction\",\"target\":[\"https:\/\/www.bv-trad.com\/es\/contact\/\"]}]},{\"@type\":\"BreadcrumbList\",\"@id\":\"https:\/\/www.bv-trad.com\/es\/contact\/#breadcrumb\",\"itemListElement\":[{\"@type\":\"ListItem\",\"position\":1,\"item\":{\"@id\":\"https:\/\/www.bv-trad.com\/es\/contact\/#webpage\"}}]}]}<\/script>\n<!-- \/ Yoast SEO plugin. -->","_links":{"self":[{"href":"https:\/\/www.bv-trad.com\/es\/wp-json\/wp\/v2\/pages\/802"}],"collection":[{"href":"https:\/\/www.bv-trad.com\/es\/wp-json\/wp\/v2\/pages"}],"about":[{"href":"https:\/\/www.bv-trad.com\/es\/wp-json\/wp\/v2\/types\/page"}],"author":[{"embeddable":true,"href":"https:\/\/www.bv-trad.com\/es\/wp-json\/wp\/v2\/users\/1"}],"replies":[{"embeddable":true,"href":"https:\/\/www.bv-trad.com\/es\/wp-json\/wp\/v2\/comments?post=802"}],"version-history":[{"count":5,"href":"https:\/\/www.bv-trad.com\/es\/wp-json\/wp\/v2\/pages\/802\/revisions"}],"predecessor-version":[{"id":1033,"href":"https:\/\/www.bv-trad.com\/es\/wp-json\/wp\/v2\/pages\/802\/revisions\/1033"}],"wp:attachment":[{"href":"https:\/\/www.bv-trad.com\/es\/wp-json\/wp\/v2\/media?parent=802"}],"curies":[{"name":"wp","href":"https:\/\/api.w.org\/{rel}","templated":true}]}}