{"id":796,"date":"2020-09-15T06:48:51","date_gmt":"2020-09-15T06:48:51","guid":{"rendered":"https:\/\/www.bv-trad.com\/services\/"},"modified":"2021-09-20T10:40:34","modified_gmt":"2021-09-20T08:40:34","slug":"services","status":"publish","type":"page","link":"https:\/\/www.bv-trad.com\/es\/services\/","title":{"rendered":"Servicios"},"content":{"rendered":"\n<div class=\"wp-block-cover alignfull has-background-dim has-parallax\" style=\"background-image:url(https:\/\/www.bv-trad.com\/wp-content\/uploads\/2021\/06\/bv-trad-services.jpg);background-color:#040219;min-height:600px\"><div class=\"wp-block-cover__inner-container\">\n<h1 class=\"has-text-align-center has-white-color has-text-color\">ServicIOs<\/h1>\n<\/div><\/div>\n\n\n\n<div class=\"wp-block-group alignfull has-white-background-color has-background\"><div class=\"wp-block-group__inner-container\">\n<p class=\"has-text-align-center\">Nuestra agencia de traducci\u00f3n ofrece servicios de traducci\u00f3n simple, traducci\u00f3n jurada, interpretaci\u00f3n y legalizaci\u00f3n.<\/p>\n\n\n\n<div class=\"wp-block-media-text alignwide has-media-on-the-right is-stacked-on-mobile\" style=\"grid-template-columns:auto 39%\"><figure class=\"wp-block-media-text__media\"><img loading=\"lazy\" width=\"1024\" height=\"683\" src=\"https:\/\/www.bv-trad.com\/wp-content\/uploads\/2021\/05\/shutterstock_252457561-1-1024x683.jpg\" alt=\"\" class=\"wp-image-324 size-full\" srcset=\"https:\/\/www.bv-trad.com\/wp-content\/uploads\/2021\/05\/shutterstock_252457561-1-1024x683.jpg 1024w, https:\/\/www.bv-trad.com\/wp-content\/uploads\/2021\/05\/shutterstock_252457561-1-300x200.jpg 300w, https:\/\/www.bv-trad.com\/wp-content\/uploads\/2021\/05\/shutterstock_252457561-1-768x512.jpg 768w, https:\/\/www.bv-trad.com\/wp-content\/uploads\/2021\/05\/shutterstock_252457561-1-1536x1024.jpg 1536w, https:\/\/www.bv-trad.com\/wp-content\/uploads\/2021\/05\/shutterstock_252457561-1-2048x1365.jpg 2048w\" sizes=\"(max-width: 1024px) 100vw, 1024px\" \/><\/figure><div class=\"wp-block-media-text__content\">\n<h2><span class=\"has-inline-color has-vivid-red-color\">Traducci\u00f3n<\/span><\/h2>\n\n\n\n<p>La <strong>traducci\u00f3n simple (no jurada) <\/strong>es efectuada por el o los traductores seleccionados seg\u00fan los idiomas de trabajo y el \u00e1rea de especializaci\u00f3n, ya sea t\u00e9cnica (ingenier\u00eda civil, industria y otros), jur\u00eddica, financiera o econ\u00f3mica, general, inform\u00e1tica, sitio web, etc.<\/p>\n\n\n\n<p>Para la <strong>traducci\u00f3n jurada <\/strong>que a menudo solicitan las administraciones, recurrimos a traductores jurados, expertos acreditados por el Tribunal de Apelaci\u00f3n.<\/p>\n<\/div><\/div>\n\n\n\n<div style=\"height:55px\" aria-hidden=\"true\" class=\"wp-block-spacer\"><\/div>\n\n\n\n<div class=\"wp-block-media-text alignwide is-stacked-on-mobile\" style=\"grid-template-columns:41% auto\"><figure class=\"wp-block-media-text__media\"><img loading=\"lazy\" width=\"1024\" height=\"565\" src=\"https:\/\/www.bv-trad.com\/wp-content\/uploads\/2021\/05\/shutterstock_1384333958-1024x565.jpg\" alt=\"\" class=\"wp-image-327 size-full\" srcset=\"https:\/\/www.bv-trad.com\/wp-content\/uploads\/2021\/05\/shutterstock_1384333958-1024x565.jpg 1024w, https:\/\/www.bv-trad.com\/wp-content\/uploads\/2021\/05\/shutterstock_1384333958-300x166.jpg 300w, https:\/\/www.bv-trad.com\/wp-content\/uploads\/2021\/05\/shutterstock_1384333958-768x424.jpg 768w, https:\/\/www.bv-trad.com\/wp-content\/uploads\/2021\/05\/shutterstock_1384333958-1536x847.jpg 1536w, https:\/\/www.bv-trad.com\/wp-content\/uploads\/2021\/05\/shutterstock_1384333958-2048x1130.jpg 2048w\" sizes=\"(max-width: 1024px) 100vw, 1024px\" \/><\/figure><div class=\"wp-block-media-text__content\">\n<h2><span class=\"has-inline-color has-vivid-red-color\">interpretariado<\/span><\/h2>\n\n\n\n<p>Para la<strong> interpretaci\u00f3n<\/strong>, acudimos a nuestros int\u00e9rpretes que trabajan en consecutivo o en simult\u00e1neo, en cabina o en plataformas como Teams, Kudo, Interprefy, Voiceboxer, sean cuales fueren el idioma de origen y el de destino.<\/p>\n<\/div><\/div>\n\n\n\n<div style=\"height:55px\" aria-hidden=\"true\" class=\"wp-block-spacer\"><\/div>\n\n\n\n<div class=\"wp-block-media-text alignwide has-media-on-the-right is-stacked-on-mobile\" style=\"grid-template-columns:auto 43%\"><figure class=\"wp-block-media-text__media\"><img loading=\"lazy\" width=\"1024\" height=\"407\" src=\"https:\/\/www.bv-trad.com\/wp-content\/uploads\/2021\/05\/shutterstock_1765316306-1024x407.jpg\" alt=\"\" class=\"wp-image-325 size-full\" srcset=\"https:\/\/www.bv-trad.com\/wp-content\/uploads\/2021\/05\/shutterstock_1765316306-1024x407.jpg 1024w, https:\/\/www.bv-trad.com\/wp-content\/uploads\/2021\/05\/shutterstock_1765316306-300x119.jpg 300w, https:\/\/www.bv-trad.com\/wp-content\/uploads\/2021\/05\/shutterstock_1765316306-768x305.jpg 768w, https:\/\/www.bv-trad.com\/wp-content\/uploads\/2021\/05\/shutterstock_1765316306-1536x610.jpg 1536w, https:\/\/www.bv-trad.com\/wp-content\/uploads\/2021\/05\/shutterstock_1765316306-2048x813.jpg 2048w\" sizes=\"(max-width: 1024px) 100vw, 1024px\" \/><\/figure><div class=\"wp-block-media-text__content\">\n<h2><span class=\"has-inline-color has-vivid-red-color\">legalizaciones<\/span><\/h2>\n\n\n\n<p>BV TRAD\u2019 puede llevar su trabajo de traducci\u00f3n hasta la legalizaci\u00f3n de los documentos, cuando proceda. <\/p>\n\n\n\n<p>Las traducciones de documentos (partidas de nacimiento, documentos comerciales, contratos, actas notariales, estatutos, balances, poderes u otros) que deben suministrarse a determinadas administraciones extranjeras deben ser legalizadas. En otras palabras, estos documentos deben ser autenticados por las c\u00e1maras de comercio, los ministerios o las canciller\u00edas, con miras a evitar todo tr\u00e1mite adicional en el pa\u00eds de destino.<\/p>\n<\/div><\/div>\n\n\n\n<div style=\"height:30px\" aria-hidden=\"true\" class=\"wp-block-spacer\"><\/div>\n\n\n\n<p>Trabajamos en m\u00e1s de un centenar de idiomas diferentes, de los m\u00e1s comunes a los menos habituales: ingl\u00e9s, alem\u00e1n, espa\u00f1ol, portugu\u00e9s, italiano, holand\u00e9s, flamenco, dan\u00e9s, noruego, sueco, fin\u00e9s, griego, h\u00fangaro, polaco, ruso, ucraniano, bielorruso, lituano, bosnio, croata, serbio, checo, eslovaco, chino, vietnamita, tailand\u00e9s, coreano, japon\u00e9s, indonesio, \u00e1rabe, turco, persa y muchos otros\u2026<\/p>\n\n\n\n<p><\/p>\n\n\n\n<p><\/p>\n\n\n\n<blockquote class=\"wp-block-quote has-text-align-center\"><p><em><em>\u00abHablar otro idioma es como tener otro alma\u00bb<\/em><\/em><\/p><cite><em>Carlomagn<\/em>o<\/cite><\/blockquote>\n<\/div><\/div>\n","protected":false},"excerpt":{"rendered":"<p>Nuestra agencia de traducci\u00f3n ofrece servicios de traducci\u00f3n simple, traducci\u00f3n jurada, interpretaci\u00f3n y legalizaci\u00f3n. Traducci\u00f3n La traducci\u00f3n simple (no jurada) es efectuada por el o los traductores seleccionados seg\u00fan los idiomas de trabajo y el \u00e1rea de especializaci\u00f3n, ya sea t\u00e9cnica (ingenier\u00eda civil, industria y otros), jur\u00eddica, financiera o econ\u00f3mica, general, inform\u00e1tica, sitio web, etc. &hellip;<\/p>\n<p class=\"read-more\"> <a class=\"\" href=\"https:\/\/www.bv-trad.com\/es\/services\/\"> <span class=\"screen-reader-text\">Servicios<\/span> Leer m\u00e1s &raquo;<\/a><\/p>\n","protected":false},"author":1,"featured_media":0,"parent":0,"menu_order":0,"comment_status":"closed","ping_status":"closed","template":"","meta":[],"yoast_head":"<!-- This site is optimized with the Yoast SEO plugin v16.4 - https:\/\/yoast.com\/wordpress\/plugins\/seo\/ -->\n<title>Servicios - BV Trad\u2019<\/title>\n<meta name=\"description\" content=\"BV Trad\u2019, agencia de Par\u00eds, ofrece servicios de traducci\u00f3n de documentos t\u00e9cnicos, jur\u00eddicos, comerciales, etc., y legalizaciones. Presupuesto gratuito.\" \/>\n<meta name=\"robots\" content=\"index, follow, max-snippet:-1, max-image-preview:large, max-video-preview:-1\" \/>\n<link rel=\"canonical\" href=\"https:\/\/www.bv-trad.com\/es\/services\/\" \/>\n<meta property=\"og:locale\" content=\"es_ES\" \/>\n<meta property=\"og:type\" content=\"article\" \/>\n<meta property=\"og:title\" content=\"Servicios - BV Trad\u2019\" \/>\n<meta property=\"og:description\" content=\"BV Trad\u2019, agencia de Par\u00eds, ofrece servicios de traducci\u00f3n de documentos t\u00e9cnicos, jur\u00eddicos, comerciales, etc., y legalizaciones. Presupuesto gratuito.\" \/>\n<meta property=\"og:url\" content=\"https:\/\/www.bv-trad.com\/es\/services\/\" \/>\n<meta property=\"og:site_name\" content=\"BV Trad\u2019\" \/>\n<meta property=\"article:modified_time\" content=\"2021-09-20T08:40:34+00:00\" \/>\n<meta property=\"og:image\" content=\"https:\/\/www.bv-trad.com\/wp-content\/uploads\/2021\/05\/shutterstock_252457561-1-1024x683.jpg\" \/>\n<meta name=\"twitter:card\" content=\"summary_large_image\" \/>\n<meta name=\"twitter:label1\" content=\"Tiempo de lectura\" \/>\n\t<meta name=\"twitter:data1\" content=\"2 minutos\" \/>\n<script type=\"application\/ld+json\" class=\"yoast-schema-graph\">{\"@context\":\"https:\/\/schema.org\",\"@graph\":[{\"@type\":\"WebSite\",\"@id\":\"https:\/\/www.bv-trad.com\/#website\",\"url\":\"https:\/\/www.bv-trad.com\/\",\"name\":\"BV Trad\\u2019\",\"description\":\"Un site utilisant WordPress\",\"potentialAction\":[{\"@type\":\"SearchAction\",\"target\":\"https:\/\/www.bv-trad.com\/?s={search_term_string}\",\"query-input\":\"required name=search_term_string\"}],\"inLanguage\":\"es\"},{\"@type\":\"ImageObject\",\"@id\":\"https:\/\/www.bv-trad.com\/es\/services\/#primaryimage\",\"inLanguage\":\"es\",\"url\":\"https:\/\/www.bv-trad.com\/wp-content\/uploads\/2021\/05\/shutterstock_252457561-1-1024x683.jpg\",\"contentUrl\":\"https:\/\/www.bv-trad.com\/wp-content\/uploads\/2021\/05\/shutterstock_252457561-1-1024x683.jpg\"},{\"@type\":\"WebPage\",\"@id\":\"https:\/\/www.bv-trad.com\/es\/services\/#webpage\",\"url\":\"https:\/\/www.bv-trad.com\/es\/services\/\",\"name\":\"Servicios - BV Trad\\u2019\",\"isPartOf\":{\"@id\":\"https:\/\/www.bv-trad.com\/#website\"},\"primaryImageOfPage\":{\"@id\":\"https:\/\/www.bv-trad.com\/es\/services\/#primaryimage\"},\"datePublished\":\"2020-09-15T06:48:51+00:00\",\"dateModified\":\"2021-09-20T08:40:34+00:00\",\"description\":\"BV Trad\\u2019, agencia de Par\\u00eds, ofrece servicios de traducci\\u00f3n de documentos t\\u00e9cnicos, jur\\u00eddicos, comerciales, etc., y legalizaciones. Presupuesto gratuito.\",\"breadcrumb\":{\"@id\":\"https:\/\/www.bv-trad.com\/es\/services\/#breadcrumb\"},\"inLanguage\":\"es\",\"potentialAction\":[{\"@type\":\"ReadAction\",\"target\":[\"https:\/\/www.bv-trad.com\/es\/services\/\"]}]},{\"@type\":\"BreadcrumbList\",\"@id\":\"https:\/\/www.bv-trad.com\/es\/services\/#breadcrumb\",\"itemListElement\":[{\"@type\":\"ListItem\",\"position\":1,\"item\":{\"@id\":\"https:\/\/www.bv-trad.com\/es\/services\/#webpage\"}}]}]}<\/script>\n<!-- \/ Yoast SEO plugin. -->","_links":{"self":[{"href":"https:\/\/www.bv-trad.com\/es\/wp-json\/wp\/v2\/pages\/796"}],"collection":[{"href":"https:\/\/www.bv-trad.com\/es\/wp-json\/wp\/v2\/pages"}],"about":[{"href":"https:\/\/www.bv-trad.com\/es\/wp-json\/wp\/v2\/types\/page"}],"author":[{"embeddable":true,"href":"https:\/\/www.bv-trad.com\/es\/wp-json\/wp\/v2\/users\/1"}],"replies":[{"embeddable":true,"href":"https:\/\/www.bv-trad.com\/es\/wp-json\/wp\/v2\/comments?post=796"}],"version-history":[{"count":2,"href":"https:\/\/www.bv-trad.com\/es\/wp-json\/wp\/v2\/pages\/796\/revisions"}],"predecessor-version":[{"id":970,"href":"https:\/\/www.bv-trad.com\/es\/wp-json\/wp\/v2\/pages\/796\/revisions\/970"}],"wp:attachment":[{"href":"https:\/\/www.bv-trad.com\/es\/wp-json\/wp\/v2\/media?parent=796"}],"curies":[{"name":"wp","href":"https:\/\/api.w.org\/{rel}","templated":true}]}}