{"id":790,"date":"2020-09-15T06:48:29","date_gmt":"2020-09-15T06:48:29","guid":{"rendered":"https:\/\/www.bv-trad.com\/presentation\/"},"modified":"2021-09-20T14:49:07","modified_gmt":"2021-09-20T12:49:07","slug":"presentation","status":"publish","type":"page","link":"https:\/\/www.bv-trad.com\/es\/presentation\/","title":{"rendered":"Presentaci\u00f3n"},"content":{"rendered":"\n<div class=\"wp-block-cover alignfull has-background-dim has-parallax\" style=\"background-image:url(https:\/\/www.bv-trad.com\/wp-content\/uploads\/2021\/05\/shutterstock_1257852352-scaled.jpg);background-color:#040219;min-height:600px\"><div class=\"wp-block-cover__inner-container\">\n<p><\/p>\n\n\n\n<h1 class=\"has-text-align-center has-white-color has-text-color\">Presentaci\u00f3n<\/h1>\n<\/div><\/div>\n\n\n\n<div class=\"wp-block-group alignfull has-white-background-color has-background\"><div class=\"wp-block-group__inner-container\">\n<blockquote class=\"wp-block-quote has-text-align-center is-style-default\"><p><em><em>\u00abSi le habla a un hombre en un idioma que entiende, le est\u00e1 hablando a su cerebro. <\/em><\/em><\/p><p><em><em>Si le habla en su idioma, le est\u00e1 hablando a su coraz\u00f3n\u00bb<\/em><\/em><\/p><cite>Nelson Mandela<\/cite><\/blockquote>\n\n\n\n<div class=\"wp-block-media-text has-media-on-the-right is-stacked-on-mobile is-vertically-aligned-center alignwide\" style=\"grid-template-columns:auto 41%\"><figure class=\"wp-block-media-text__media\"><img loading=\"lazy\" width=\"1024\" height=\"681\" src=\"https:\/\/www.bv-trad.com\/wp-content\/uploads\/2021\/05\/shutterstock_172117325-1024x681.jpg\" alt=\"\" class=\"wp-image-295 size-full\" srcset=\"https:\/\/www.bv-trad.com\/wp-content\/uploads\/2021\/05\/shutterstock_172117325-1024x681.jpg 1024w, https:\/\/www.bv-trad.com\/wp-content\/uploads\/2021\/05\/shutterstock_172117325-300x199.jpg 300w, https:\/\/www.bv-trad.com\/wp-content\/uploads\/2021\/05\/shutterstock_172117325-768x511.jpg 768w, https:\/\/www.bv-trad.com\/wp-content\/uploads\/2021\/05\/shutterstock_172117325-1536x1021.jpg 1536w, https:\/\/www.bv-trad.com\/wp-content\/uploads\/2021\/05\/shutterstock_172117325-2048x1362.jpg 2048w\" sizes=\"(max-width: 1024px) 100vw, 1024px\" \/><\/figure><div class=\"wp-block-media-text__content\">\n<p><\/p>\n\n\n\n<h2 class=\"has-text-align-center\"><strong>Presentaci\u00f3n<\/strong> DE BV TRAD&#8217;<\/h2>\n\n\n\n<p class=\"has-text-align-left\">BV TRAD\u2019 fue creada por Vanessa Mlinarevic en 2016, con m\u00e1s de veinticinco a\u00f1os de experiencia adquirida por su responsable, trabajando y acumulando conocimientos durante m\u00e1s de dos decenios dentro de una gran agencia de traducci\u00f3n en Par\u00eds y, posteriormente, por cuenta propia.<\/p>\n\n\n\n<p class=\"has-text-align-left\">\u00ab<em>Cuando el trabajo es un placer, la vida es bella. Pero cuando nos es impuesto, la vida es una esclavitud.<\/em> \u00bb Maxime Gorki<\/p>\n\n\n\n<p><strong>La traducci\u00f3n <\/strong>no le fue impuesta a la dirigente de BV TRAD&#8217;, de origen eslavo y para quien los idiomas siempre han sido parte integrante de su vida, sencillamente es la culminaci\u00f3n l\u00f3gica de su carrera profesional.<\/p>\n\n\n\n<p><strong>Los idiomas<\/strong>&#8230; El fundamento mismo de una buena relaci\u00f3n \u00bfno tiene por base el de una buena comprensi\u00f3n del otro? Hoy en d\u00eda, con la internacionalizaci\u00f3n de las empresas y la mundializaci\u00f3n, la traducci\u00f3n es tanto m\u00e1s indispensable cuanto que permite obtener nuevos mercados.<\/p>\n<\/div><\/div>\n\n\n\n<p><\/p>\n\n\n\n<p class=\"has-text-align-left\">Nuestra agencia de traducci\u00f3n propone diversas prestaciones, entre otras, la traducci\u00f3n simple (t\u00e9cnica, jur\u00eddica, financiera, econ\u00f3mica, general, etc.), la traducci\u00f3n jurada y la interpretaci\u00f3n (consecutiva o simult\u00e1nea), sean cuales fueren el idioma original y el de destino. Le acompa\u00f1amos en todo el desarrollo de su proyecto. Para dar respuesta a sus necesidades, nuestro jefe de proyecto recurre al profesional (traductor o int\u00e9rprete) que dentro de nuestro equipo se especializa en el campo que usted busca.<\/p>\n\n\n\n<p class=\"has-text-align-left\"><em><em>\u00abEl car\u00e1cter de los hombres puede ser juzgado por sus empresas. \u00bb<\/em><\/em> Voltaire<\/p>\n\n\n\n<p class=\"has-text-align-left\">Nuestras consignas son: calidad, competencias, profesionalismo sin descuidar la relaci\u00f3n con el cliente.<\/p>\n\n\n\n<div style=\"height:23px\" aria-hidden=\"true\" class=\"wp-block-spacer\"><\/div>\n\n\n\n<h2><span class=\"has-inline-color has-vivid-red-color\">Nuestras consignas<\/span><\/h2>\n\n\n\n<div class=\"wp-block-columns\">\n<div class=\"wp-block-column\">\n<h2>calidad<\/h2>\n\n\n\n<p>La <strong><span class=\"has-inline-color has-vivid-red-color\">calidad<\/span><\/strong> del trabajo de BV TRAD\u2019 se basa en criterios estrictos que han sabido imponerse en muy diversos \u00e1mbitos. <\/p>\n\n\n\n<p>Para lograr como resultado un trabajo de calidad, la traducci\u00f3n debe ser siempre el reflejo perfecto del documento original, respetando el vocabulario, por supuesto sin traducir palabra por palabra, \u00a1debe ser pensada en el idioma de destino! <\/p>\n\n\n\n<p>Aplicamos este m\u00e9todo&#8230; prueba de ello: la fidelidad de una clientela muy diversificada.<\/p>\n<\/div>\n\n\n\n<div class=\"wp-block-column\">\n<h2>COMPETENCiAS<\/h2>\n\n\n\n<p>En lo que ata\u00f1e a<strong><span class=\"has-inline-color has-black-color\"> <\/span><\/strong><span class=\"has-inline-color has-black-color\">las<\/span><strong><span class=\"has-inline-color has-vivid-red-color\"> competencias<\/span><\/strong>, BV TRAD\u2019 exige de todos sus traductores un alto nivel de cualificaci\u00f3n.<\/p>\n\n\n\n<p>Sus especializaciones proceden no s\u00f3lo del conocimiento de las materias a tratar, sino tambi\u00e9n de la experiencia pr\u00e1ctica adquirida en sus respectivos temas. <\/p>\n\n\n\n<p>En efecto, BV TRAD\u2019 abarca todos los sectores de actividad, vinculados estrecha o indirectamente a las actividades de servicios o a la industria en general.<\/p>\n<\/div>\n<\/div>\n\n\n\n<div class=\"wp-block-columns\">\n<div class=\"wp-block-column\">\n<h2>PROFESIONALISMO<\/h2>\n\n\n\n<p>El<strong> <span class=\"has-inline-color has-vivid-red-color\">profesionalismo<\/span><\/strong> de BV TRAD\u2019 se traduce en precios competitivos, sin olvidar el respeto de los plazos, procedimientos sencillos y claros, un presupuesto y una fecha.<\/p>\n<\/div>\n\n\n\n<div class=\"wp-block-column\">\n<h2>relaci\u00f3n con el cliente<\/h2>\n\n\n\n<p>La \u00e9tica de BV TRAD\u2019 reside en garantizar un buen v\u00ednculo <strong><span class=\"has-inline-color has-vivid-red-color\">relacional con el cliente<\/span><\/strong>. Esta pol\u00edtica se aplica en todo momento. Permite un intercambio mutuo equilibrado y favorece la confianza, lo que resulta muy apreciable.<\/p>\n<\/div>\n<\/div>\n\n\n\n<div style=\"height:6px\" aria-hidden=\"true\" class=\"wp-block-spacer\"><\/div>\n\n\n\n<p class=\"has-text-align-center\">\u00a1Re\u00fanase con nosotros en nuestra oficina de Par\u00eds!<\/p>\n<\/div><\/div>\n\n\n\n<div class=\"wp-block-image\"><figure class=\"aligncenter size-large is-resized\"><img loading=\"lazy\" src=\"https:\/\/www.bv-trad.com\/wp-content\/uploads\/2021\/05\/IMG_2344-copie-832x1024.jpg\" alt=\"\" class=\"wp-image-301\" width=\"379\" height=\"467\" srcset=\"https:\/\/www.bv-trad.com\/wp-content\/uploads\/2021\/05\/IMG_2344-copie-832x1024.jpg 832w, https:\/\/www.bv-trad.com\/wp-content\/uploads\/2021\/05\/IMG_2344-copie-244x300.jpg 244w, https:\/\/www.bv-trad.com\/wp-content\/uploads\/2021\/05\/IMG_2344-copie-768x945.jpg 768w, https:\/\/www.bv-trad.com\/wp-content\/uploads\/2021\/05\/IMG_2344-copie-1249x1536.jpg 1249w, https:\/\/www.bv-trad.com\/wp-content\/uploads\/2021\/05\/IMG_2344-copie-1665x2048.jpg 1665w\" sizes=\"(max-width: 379px) 100vw, 379px\" \/><\/figure><\/div>\n\n\n\n<p><\/p>\n\n\n\n<p><\/p>\n\n\n\n<p><\/p>\n","protected":false},"excerpt":{"rendered":"<p>\u00abSi le habla a un hombre en un idioma que entiende, le est\u00e1 hablando a su cerebro. Si le habla en su idioma, le est\u00e1 hablando a su coraz\u00f3n\u00bb Nelson Mandela Presentaci\u00f3n DE BV TRAD&#8217; BV TRAD\u2019 fue creada por Vanessa Mlinarevic en 2016, con m\u00e1s de veinticinco a\u00f1os de experiencia adquirida por su responsable, &hellip;<\/p>\n<p class=\"read-more\"> <a class=\"\" href=\"https:\/\/www.bv-trad.com\/es\/presentation\/\"> <span class=\"screen-reader-text\">Presentaci\u00f3n<\/span> Leer m\u00e1s &raquo;<\/a><\/p>\n","protected":false},"author":1,"featured_media":0,"parent":0,"menu_order":0,"comment_status":"closed","ping_status":"closed","template":"","meta":[],"yoast_head":"<!-- This site is optimized with the Yoast SEO plugin v16.4 - https:\/\/yoast.com\/wordpress\/plugins\/seo\/ -->\n<title>Presentaci\u00f3n - BV Trad\u2019<\/title>\n<meta name=\"description\" content=\"BV Trad\u2019 es una agencia de traducci\u00f3n con sede en Par\u00eds que ofrece servicios de traducci\u00f3n desde hace m\u00e1s de 25 a\u00f1os. \u00a1Recurra a nosotros!\" \/>\n<meta name=\"robots\" content=\"index, follow, max-snippet:-1, max-image-preview:large, max-video-preview:-1\" \/>\n<link rel=\"canonical\" href=\"https:\/\/www.bv-trad.com\/es\/presentation\/\" \/>\n<meta property=\"og:locale\" content=\"es_ES\" \/>\n<meta property=\"og:type\" content=\"article\" \/>\n<meta property=\"og:title\" content=\"Presentaci\u00f3n - BV Trad\u2019\" \/>\n<meta property=\"og:description\" content=\"BV Trad\u2019 es una agencia de traducci\u00f3n con sede en Par\u00eds que ofrece servicios de traducci\u00f3n desde hace m\u00e1s de 25 a\u00f1os. \u00a1Recurra a nosotros!\" \/>\n<meta property=\"og:url\" content=\"https:\/\/www.bv-trad.com\/es\/presentation\/\" \/>\n<meta property=\"og:site_name\" content=\"BV Trad\u2019\" \/>\n<meta property=\"article:modified_time\" content=\"2021-09-20T12:49:07+00:00\" \/>\n<meta property=\"og:image\" content=\"https:\/\/www.bv-trad.com\/wp-content\/uploads\/2021\/05\/shutterstock_172117325-1024x681.jpg\" \/>\n<meta name=\"twitter:card\" content=\"summary_large_image\" \/>\n<meta name=\"twitter:label1\" content=\"Tiempo de lectura\" \/>\n\t<meta name=\"twitter:data1\" content=\"3 minutos\" \/>\n<script type=\"application\/ld+json\" class=\"yoast-schema-graph\">{\"@context\":\"https:\/\/schema.org\",\"@graph\":[{\"@type\":\"WebSite\",\"@id\":\"https:\/\/www.bv-trad.com\/#website\",\"url\":\"https:\/\/www.bv-trad.com\/\",\"name\":\"BV Trad\\u2019\",\"description\":\"Un site utilisant WordPress\",\"potentialAction\":[{\"@type\":\"SearchAction\",\"target\":\"https:\/\/www.bv-trad.com\/?s={search_term_string}\",\"query-input\":\"required name=search_term_string\"}],\"inLanguage\":\"es\"},{\"@type\":\"ImageObject\",\"@id\":\"https:\/\/www.bv-trad.com\/es\/presentation\/#primaryimage\",\"inLanguage\":\"es\",\"url\":\"https:\/\/www.bv-trad.com\/wp-content\/uploads\/2021\/05\/shutterstock_172117325-1024x681.jpg\",\"contentUrl\":\"https:\/\/www.bv-trad.com\/wp-content\/uploads\/2021\/05\/shutterstock_172117325-1024x681.jpg\"},{\"@type\":\"WebPage\",\"@id\":\"https:\/\/www.bv-trad.com\/es\/presentation\/#webpage\",\"url\":\"https:\/\/www.bv-trad.com\/es\/presentation\/\",\"name\":\"Presentaci\\u00f3n - BV Trad\\u2019\",\"isPartOf\":{\"@id\":\"https:\/\/www.bv-trad.com\/#website\"},\"primaryImageOfPage\":{\"@id\":\"https:\/\/www.bv-trad.com\/es\/presentation\/#primaryimage\"},\"datePublished\":\"2020-09-15T06:48:29+00:00\",\"dateModified\":\"2021-09-20T12:49:07+00:00\",\"description\":\"BV Trad\\u2019 es una agencia de traducci\\u00f3n con sede en Par\\u00eds que ofrece servicios de traducci\\u00f3n desde hace m\\u00e1s de 25 a\\u00f1os. \\u00a1Recurra a nosotros!\",\"breadcrumb\":{\"@id\":\"https:\/\/www.bv-trad.com\/es\/presentation\/#breadcrumb\"},\"inLanguage\":\"es\",\"potentialAction\":[{\"@type\":\"ReadAction\",\"target\":[\"https:\/\/www.bv-trad.com\/es\/presentation\/\"]}]},{\"@type\":\"BreadcrumbList\",\"@id\":\"https:\/\/www.bv-trad.com\/es\/presentation\/#breadcrumb\",\"itemListElement\":[{\"@type\":\"ListItem\",\"position\":1,\"item\":{\"@id\":\"https:\/\/www.bv-trad.com\/es\/presentation\/#webpage\"}}]}]}<\/script>\n<!-- \/ Yoast SEO plugin. -->","_links":{"self":[{"href":"https:\/\/www.bv-trad.com\/es\/wp-json\/wp\/v2\/pages\/790"}],"collection":[{"href":"https:\/\/www.bv-trad.com\/es\/wp-json\/wp\/v2\/pages"}],"about":[{"href":"https:\/\/www.bv-trad.com\/es\/wp-json\/wp\/v2\/types\/page"}],"author":[{"embeddable":true,"href":"https:\/\/www.bv-trad.com\/es\/wp-json\/wp\/v2\/users\/1"}],"replies":[{"embeddable":true,"href":"https:\/\/www.bv-trad.com\/es\/wp-json\/wp\/v2\/comments?post=790"}],"version-history":[{"count":3,"href":"https:\/\/www.bv-trad.com\/es\/wp-json\/wp\/v2\/pages\/790\/revisions"}],"predecessor-version":[{"id":1044,"href":"https:\/\/www.bv-trad.com\/es\/wp-json\/wp\/v2\/pages\/790\/revisions\/1044"}],"wp:attachment":[{"href":"https:\/\/www.bv-trad.com\/es\/wp-json\/wp\/v2\/media?parent=790"}],"curies":[{"name":"wp","href":"https:\/\/api.w.org\/{rel}","templated":true}]}}