{"id":949,"date":"2020-09-15T06:49:03","date_gmt":"2020-09-15T06:49:03","guid":{"rendered":"https:\/\/www.bv-trad.com\/contact\/"},"modified":"2021-09-20T11:24:41","modified_gmt":"2021-09-20T09:24:41","slug":"contact","status":"publish","type":"page","link":"https:\/\/www.bv-trad.com\/de\/contact\/","title":{"rendered":"Einstellungen"},"content":{"rendered":"\n<div class=\"wp-block-cover alignfull has-black-background-color has-background-dim has-parallax\" style=\"background-image:url(https:\/\/www.bv-trad.com\/wp-content\/uploads\/2021\/05\/shutterstock_1099878668-scaled.jpg);min-height:600px\"><div class=\"wp-block-cover__inner-container\">\n<h1 class=\"has-text-align-center has-white-color has-text-color\"><span class=\"has-inline-color has-white-color\">Kontaktiere uns<\/span><\/h1>\n<\/div><\/div>\n\n\n\n<div class=\"wp-block-group alignfull has-white-background-color has-background\"><div class=\"wp-block-group__inner-container\">\n<div class=\"wp-block-columns are-vertically-aligned-center\">\n<div class=\"wp-block-column is-vertically-aligned-center\">\n<h2>Anfrage<\/h2>\n\n\n<div class=\"wpforms-container \" id=\"wpforms-1034\"><form id=\"wpforms-form-1034\" class=\"wpforms-validate wpforms-form\" data-formid=\"1034\" method=\"post\" enctype=\"multipart\/form-data\" action=\"\/de\/wp-json\/wp\/v2\/pages\/949\" data-token=\"af96c10d8f2506c9022e30d56b0a7f09\"><noscript class=\"wpforms-error-noscript\">Bitte aktiviere JavaScript in deinem Browser, um dieses Formular fertigzustellen.<\/noscript><div class=\"wpforms-field-container\"><div id=\"wpforms-1034-field_0-container\" class=\"wpforms-field wpforms-field-name\" data-field-id=\"0\"><label class=\"wpforms-field-label wpforms-label-hide\" for=\"wpforms-1034-field_0\">Nom <span class=\"wpforms-required-label\">*<\/span><\/label><input type=\"text\" id=\"wpforms-1034-field_0\" class=\"wpforms-field-large wpforms-field-required\" name=\"wpforms[fields][0]\" placeholder=\"Name, Vorname oder Name des Unternehmens*\" required><\/div><div id=\"wpforms-1034-field_6-container\" class=\"wpforms-field wpforms-field-text\" data-field-id=\"6\"><label class=\"wpforms-field-label wpforms-label-hide\" for=\"wpforms-1034-field_6\">Telephone <span class=\"wpforms-required-label\">*<\/span><\/label><input type=\"text\" id=\"wpforms-1034-field_6\" class=\"wpforms-field-large wpforms-field-required\" name=\"wpforms[fields][6]\" placeholder=\"Telefonnummer*\" required><\/div><div id=\"wpforms-1034-field_1-container\" class=\"wpforms-field wpforms-field-email\" data-field-id=\"1\"><label class=\"wpforms-field-label wpforms-label-hide\" for=\"wpforms-1034-field_1\">Email <span class=\"wpforms-required-label\">*<\/span><\/label><input type=\"email\" id=\"wpforms-1034-field_1\" class=\"wpforms-field-large wpforms-field-required\" name=\"wpforms[fields][1]\" placeholder=\"E-Mail-Adresse*\" required><\/div><div id=\"wpforms-1034-field_8-container\" class=\"wpforms-field wpforms-field-select wpforms-field-select-style-classic\" data-field-id=\"8\"><label class=\"wpforms-field-label wpforms-label-hide\" for=\"wpforms-1034-field_8\">Type de travail <span class=\"wpforms-required-label\">*<\/span><\/label><select id=\"wpforms-1034-field_8\" class=\"wpforms-field-large wpforms-field-required\" name=\"wpforms[fields][8]\" required=\"required\"><option value=\"\" class=\"placeholder\" disabled  selected='selected'>Art der Arbeit*<\/option><option value=\"Traduction simple\" >Traduction simple<\/option><option value=\"Traduction asserment\u00e9e\" >Traduction asserment\u00e9e<\/option><option value=\"Interpr\u00e9tariat\" >Interpr\u00e9tariat<\/option><option value=\"L\u00e9galisation\" >L\u00e9galisation<\/option><\/select><\/div><div id=\"wpforms-1034-field_2-container\" class=\"wpforms-field wpforms-field-textarea\" data-field-id=\"2\"><label class=\"wpforms-field-label wpforms-label-hide\" for=\"wpforms-1034-field_2\">Message<\/label><textarea id=\"wpforms-1034-field_2\" class=\"wpforms-field-medium\" name=\"wpforms[fields][2]\" placeholder=\"Nachricht\" ><\/textarea><\/div><\/div><div class=\"wpforms-field wpforms-field-hp\"><label for=\"wpforms-1034-field-hp\" class=\"wpforms-field-label\">Comment<\/label><input type=\"text\" name=\"wpforms[hp]\" id=\"wpforms-1034-field-hp\" class=\"wpforms-field-medium\"><\/div><div class=\"wpforms-submit-container\" ><input type=\"hidden\" name=\"wpforms[id]\" value=\"1034\"><input type=\"hidden\" name=\"wpforms[author]\" value=\"1\"><button type=\"submit\" name=\"wpforms[submit]\" class=\"wpforms-submit \" id=\"wpforms-submit-1034\" value=\"wpforms-submit\" aria-live=\"assertive\" data-alt-text=\"Envoi en cours...\" data-submit-text=\"Gesandter\">Gesandter<\/button><\/div><\/form><\/div>  <!-- .wpforms-container --><\/div>\n\n\n\n<div class=\"wp-block-column is-vertically-aligned-center\">\n<div class=\"wp-block-group\"><div class=\"wp-block-group__inner-container\">\n<h2>Kontakt<\/h2>\n\n\n\n<p><strong>Anschrift<\/strong><br>28, Rue Vitruve 75020 PARIS<\/p>\n\n\n\n<p><strong>E-Mail-Adresse<\/strong><br>contact@bv-trad.com\u200b<\/p>\n\n\n\n<p><strong>Telefonnummer<\/strong><br>+33 1 58 45 15 76 &#8211; +33 6 59 33 67 94<\/p>\n\n\n\n<figure class=\"wp-block-image size-large is-resized\"><img loading=\"lazy\" src=\"https:\/\/www.bv-trad.com\/wp-content\/uploads\/2021\/06\/bureau-web-1-1024x918.jpg\" alt=\"\" class=\"wp-image-472\" width=\"284\" height=\"254\" srcset=\"https:\/\/www.bv-trad.com\/wp-content\/uploads\/2021\/06\/bureau-web-1-1024x918.jpg 1024w, https:\/\/www.bv-trad.com\/wp-content\/uploads\/2021\/06\/bureau-web-1-300x269.jpg 300w, https:\/\/www.bv-trad.com\/wp-content\/uploads\/2021\/06\/bureau-web-1-768x689.jpg 768w, https:\/\/www.bv-trad.com\/wp-content\/uploads\/2021\/06\/bureau-web-1.jpg 1200w\" sizes=\"(max-width: 284px) 100vw, 284px\" \/><\/figure>\n<\/div><\/div>\n<\/div>\n<\/div>\n<\/div><\/div>\n\n\n\n<h2 class=\"has-text-align-center\"><strong><span class=\"has-inline-color has-black-color\">Rekrutierung<\/span><\/strong><\/h2>\n\n\n\n<p>Wir sind eine \u00dcbersetzungsagentur von hohem internationalem Niveau und st\u00fctzen uns auf die qualifiziertesten freien \u00dcbersetzer.<\/p>\n\n\n\n<p>Aktuell umfasst unser Team \u00fcber 100 qualifizierte \u00dcbersetzer, jeder mit eigener Arbeitssprache und speziellem Fachgebiet. Unser Ziel ist es, dieses Team durch begeisterte, begabte und in unterschiedlichen Fachgebieten erfahrene Linguisten aus allen Regionen der Welt zu erweitern.<\/p>\n\n\n\n<p>Wenn Sie in unser Mitarbeiterteam aufgenommen werden, werden Sie oft mit schwierigen, ein umfangreiches Leistungsspektrum umfassenden Aufgaben betraut.<\/p>\n\n\n\n<p>Kontaktieren Sie uns!<\/p>\n\n\n\n<p><\/p>\n","protected":false},"excerpt":{"rendered":"<p>Anfrage Kontakt Anschrift28, Rue Vitruve 75020 PARIS E-Mail-Adressecontact@bv-trad.com\u200b Telefonnummer+33 1 58 45 15 76 &#8211; +33 6 59 33 67 94 Rekrutierung Wir sind eine \u00dcbersetzungsagentur von hohem internationalem Niveau und st\u00fctzen uns auf die qualifiziertesten freien \u00dcbersetzer. Aktuell umfasst unser Team \u00fcber 100 qualifizierte \u00dcbersetzer, jeder mit eigener Arbeitssprache und speziellem Fachgebiet. Unser Ziel &hellip;<\/p>\n<p class=\"read-more\"> <a class=\"\" href=\"https:\/\/www.bv-trad.com\/de\/contact\/\"> <span class=\"screen-reader-text\">Einstellungen<\/span> Weiterlesen &raquo;<\/a><\/p>\n","protected":false},"author":1,"featured_media":0,"parent":0,"menu_order":0,"comment_status":"closed","ping_status":"closed","template":"","meta":[],"yoast_head":"<!-- This site is optimized with the Yoast SEO plugin v16.4 - https:\/\/yoast.com\/wordpress\/plugins\/seo\/ -->\n<title>Einstellungen - BV Trad\u2019<\/title>\n<meta name=\"description\" content=\"Weitere Informationen zu den Dienstleistungen von BV Trad\u2018 erhalten Sie telefonisch oder \u00fcber das Kontaktformular.\" \/>\n<meta name=\"robots\" content=\"index, follow, max-snippet:-1, max-image-preview:large, max-video-preview:-1\" \/>\n<link rel=\"canonical\" href=\"https:\/\/www.bv-trad.com\/de\/contact\/\" \/>\n<meta property=\"og:locale\" content=\"de_DE\" \/>\n<meta property=\"og:type\" content=\"article\" \/>\n<meta property=\"og:title\" content=\"Einstellungen - BV Trad\u2019\" \/>\n<meta property=\"og:description\" content=\"Weitere Informationen zu den Dienstleistungen von BV Trad\u2018 erhalten Sie telefonisch oder \u00fcber das Kontaktformular.\" \/>\n<meta property=\"og:url\" content=\"https:\/\/www.bv-trad.com\/de\/contact\/\" \/>\n<meta property=\"og:site_name\" content=\"BV Trad\u2019\" \/>\n<meta property=\"article:modified_time\" content=\"2021-09-20T09:24:41+00:00\" \/>\n<meta property=\"og:image\" content=\"https:\/\/www.bv-trad.com\/wp-content\/uploads\/2021\/06\/bureau-web-1-1024x918.jpg\" \/>\n<meta name=\"twitter:card\" content=\"summary_large_image\" \/>\n<meta name=\"twitter:label1\" content=\"Gesch\u00e4tzte Lesezeit\" \/>\n\t<meta name=\"twitter:data1\" content=\"1 Minute\" \/>\n<script type=\"application\/ld+json\" class=\"yoast-schema-graph\">{\"@context\":\"https:\/\/schema.org\",\"@graph\":[{\"@type\":\"WebSite\",\"@id\":\"https:\/\/www.bv-trad.com\/#website\",\"url\":\"https:\/\/www.bv-trad.com\/\",\"name\":\"BV Trad\\u2019\",\"description\":\"Un site utilisant WordPress\",\"potentialAction\":[{\"@type\":\"SearchAction\",\"target\":\"https:\/\/www.bv-trad.com\/?s={search_term_string}\",\"query-input\":\"required name=search_term_string\"}],\"inLanguage\":\"de-DE\"},{\"@type\":\"ImageObject\",\"@id\":\"https:\/\/www.bv-trad.com\/de\/contact\/#primaryimage\",\"inLanguage\":\"de-DE\",\"url\":\"https:\/\/www.bv-trad.com\/wp-content\/uploads\/2021\/06\/bureau-web-1.jpg\",\"contentUrl\":\"https:\/\/www.bv-trad.com\/wp-content\/uploads\/2021\/06\/bureau-web-1.jpg\",\"width\":1200,\"height\":1076},{\"@type\":\"WebPage\",\"@id\":\"https:\/\/www.bv-trad.com\/de\/contact\/#webpage\",\"url\":\"https:\/\/www.bv-trad.com\/de\/contact\/\",\"name\":\"Einstellungen - BV Trad\\u2019\",\"isPartOf\":{\"@id\":\"https:\/\/www.bv-trad.com\/#website\"},\"primaryImageOfPage\":{\"@id\":\"https:\/\/www.bv-trad.com\/de\/contact\/#primaryimage\"},\"datePublished\":\"2020-09-15T06:49:03+00:00\",\"dateModified\":\"2021-09-20T09:24:41+00:00\",\"description\":\"Weitere Informationen zu den Dienstleistungen von BV Trad\\u2018 erhalten Sie telefonisch oder \\u00fcber das Kontaktformular.\",\"breadcrumb\":{\"@id\":\"https:\/\/www.bv-trad.com\/de\/contact\/#breadcrumb\"},\"inLanguage\":\"de-DE\",\"potentialAction\":[{\"@type\":\"ReadAction\",\"target\":[\"https:\/\/www.bv-trad.com\/de\/contact\/\"]}]},{\"@type\":\"BreadcrumbList\",\"@id\":\"https:\/\/www.bv-trad.com\/de\/contact\/#breadcrumb\",\"itemListElement\":[{\"@type\":\"ListItem\",\"position\":1,\"item\":{\"@id\":\"https:\/\/www.bv-trad.com\/de\/contact\/#webpage\"}}]}]}<\/script>\n<!-- \/ Yoast SEO plugin. -->","_links":{"self":[{"href":"https:\/\/www.bv-trad.com\/de\/wp-json\/wp\/v2\/pages\/949"}],"collection":[{"href":"https:\/\/www.bv-trad.com\/de\/wp-json\/wp\/v2\/pages"}],"about":[{"href":"https:\/\/www.bv-trad.com\/de\/wp-json\/wp\/v2\/types\/page"}],"author":[{"embeddable":true,"href":"https:\/\/www.bv-trad.com\/de\/wp-json\/wp\/v2\/users\/1"}],"replies":[{"embeddable":true,"href":"https:\/\/www.bv-trad.com\/de\/wp-json\/wp\/v2\/comments?post=949"}],"version-history":[{"count":4,"href":"https:\/\/www.bv-trad.com\/de\/wp-json\/wp\/v2\/pages\/949\/revisions"}],"predecessor-version":[{"id":1035,"href":"https:\/\/www.bv-trad.com\/de\/wp-json\/wp\/v2\/pages\/949\/revisions\/1035"}],"wp:attachment":[{"href":"https:\/\/www.bv-trad.com\/de\/wp-json\/wp\/v2\/media?parent=949"}],"curies":[{"name":"wp","href":"https:\/\/api.w.org\/{rel}","templated":true}]}}