{"id":944,"date":"2020-09-15T06:48:51","date_gmt":"2020-09-15T06:48:51","guid":{"rendered":"https:\/\/www.bv-trad.com\/services\/"},"modified":"2021-09-20T10:42:55","modified_gmt":"2021-09-20T08:42:55","slug":"services","status":"publish","type":"page","link":"https:\/\/www.bv-trad.com\/de\/services\/","title":{"rendered":"Dienstleistungen"},"content":{"rendered":"\n<div class=\"wp-block-cover alignfull has-background-dim has-parallax\" style=\"background-image:url(https:\/\/www.bv-trad.com\/wp-content\/uploads\/2021\/06\/bv-trad-services.jpg);background-color:#040219;min-height:600px\"><div class=\"wp-block-cover__inner-container\">\n<h1 class=\"has-text-align-center has-white-color has-text-color\"><strong>Dienstleistungen<\/strong><\/h1>\n<\/div><\/div>\n\n\n\n<div class=\"wp-block-group alignfull has-white-background-color has-background\"><div class=\"wp-block-group__inner-container\">\n<p class=\"has-text-align-center\">Unsere \u00dcbersetzungsagentur bietet einfache \u00dcbersetzungen, beglaubigte \u00dcbersetzungen, Dolmetsch- und Beglaubigungsleistungen an.<\/p>\n\n\n\n<div class=\"wp-block-media-text alignwide has-media-on-the-right is-stacked-on-mobile\" style=\"grid-template-columns:auto 39%\"><figure class=\"wp-block-media-text__media\"><img loading=\"lazy\" width=\"1024\" height=\"683\" src=\"https:\/\/www.bv-trad.com\/wp-content\/uploads\/2021\/05\/shutterstock_252457561-1-1024x683.jpg\" alt=\"\" class=\"wp-image-324 size-full\" srcset=\"https:\/\/www.bv-trad.com\/wp-content\/uploads\/2021\/05\/shutterstock_252457561-1-1024x683.jpg 1024w, https:\/\/www.bv-trad.com\/wp-content\/uploads\/2021\/05\/shutterstock_252457561-1-300x200.jpg 300w, https:\/\/www.bv-trad.com\/wp-content\/uploads\/2021\/05\/shutterstock_252457561-1-768x512.jpg 768w, https:\/\/www.bv-trad.com\/wp-content\/uploads\/2021\/05\/shutterstock_252457561-1-1536x1024.jpg 1536w, https:\/\/www.bv-trad.com\/wp-content\/uploads\/2021\/05\/shutterstock_252457561-1-2048x1365.jpg 2048w\" sizes=\"(max-width: 1024px) 100vw, 1024px\" \/><\/figure><div class=\"wp-block-media-text__content\">\n<h2><span class=\"has-inline-color has-vivid-red-color\">\u00dcbersetzung<\/span><\/h2>\n\n\n\n<p>Die <strong>einfache (nicht beglaubigte) \u00dcbersetzung<\/strong> wird vom oder von den nach Arbeitssprache und Fachgebiet ausgew\u00e4hlten \u00dcbersetzer(n) ausgef\u00fchrt. Die Fachgebiete k\u00f6nnen technischer (Hoch- und Tiefbau, Industrie und sonstige), juristischer, finanzieller oder wirtschaftlicher, allgemeiner, computertechnischer Natur sein oder Websites, usw. betreffen.<\/p>\n\n\n\n<p>Bei <strong>beglaubigten \u00dcbersetzungen<\/strong>, die h\u00e4ufig von Beh\u00f6rden verlangt werden, wenden wir uns an vereidigte \u00dcbersetzer, die als Experten zugelassen und vom zust\u00e4ndigen Gericht \u00f6ffentlich bestellt sind.<\/p>\n<\/div><\/div>\n\n\n\n<div style=\"height:55px\" aria-hidden=\"true\" class=\"wp-block-spacer\"><\/div>\n\n\n\n<div class=\"wp-block-media-text alignwide is-stacked-on-mobile\" style=\"grid-template-columns:41% auto\"><figure class=\"wp-block-media-text__media\"><img loading=\"lazy\" width=\"1024\" height=\"565\" src=\"https:\/\/www.bv-trad.com\/wp-content\/uploads\/2021\/05\/shutterstock_1384333958-1024x565.jpg\" alt=\"\" class=\"wp-image-327 size-full\" srcset=\"https:\/\/www.bv-trad.com\/wp-content\/uploads\/2021\/05\/shutterstock_1384333958-1024x565.jpg 1024w, https:\/\/www.bv-trad.com\/wp-content\/uploads\/2021\/05\/shutterstock_1384333958-300x166.jpg 300w, https:\/\/www.bv-trad.com\/wp-content\/uploads\/2021\/05\/shutterstock_1384333958-768x424.jpg 768w, https:\/\/www.bv-trad.com\/wp-content\/uploads\/2021\/05\/shutterstock_1384333958-1536x847.jpg 1536w, https:\/\/www.bv-trad.com\/wp-content\/uploads\/2021\/05\/shutterstock_1384333958-2048x1130.jpg 2048w\" sizes=\"(max-width: 1024px) 100vw, 1024px\" \/><\/figure><div class=\"wp-block-media-text__content\">\n<h2><span class=\"has-inline-color has-vivid-red-color\">DOLMETSCHEN<\/span><\/h2>\n\n\n\n<p><strong>Dolmetschaufgaben<\/strong> werden von unseren Dolmetschern \u00fcbernommen, die konsekutiv oder simultan arbeiten, in einer Kabine oder auf Plattformen wie Teams, Kudo, Interprefy, Voiceboxer, f\u00fcr jede Ausgangs- und Zielsprache.<\/p>\n<\/div><\/div>\n\n\n\n<div style=\"height:55px\" aria-hidden=\"true\" class=\"wp-block-spacer\"><\/div>\n\n\n\n<div class=\"wp-block-media-text alignwide has-media-on-the-right is-stacked-on-mobile\" style=\"grid-template-columns:auto 43%\"><figure class=\"wp-block-media-text__media\"><img loading=\"lazy\" width=\"1024\" height=\"407\" src=\"https:\/\/www.bv-trad.com\/wp-content\/uploads\/2021\/05\/shutterstock_1765316306-1024x407.jpg\" alt=\"\" class=\"wp-image-325 size-full\" srcset=\"https:\/\/www.bv-trad.com\/wp-content\/uploads\/2021\/05\/shutterstock_1765316306-1024x407.jpg 1024w, https:\/\/www.bv-trad.com\/wp-content\/uploads\/2021\/05\/shutterstock_1765316306-300x119.jpg 300w, https:\/\/www.bv-trad.com\/wp-content\/uploads\/2021\/05\/shutterstock_1765316306-768x305.jpg 768w, https:\/\/www.bv-trad.com\/wp-content\/uploads\/2021\/05\/shutterstock_1765316306-1536x610.jpg 1536w, https:\/\/www.bv-trad.com\/wp-content\/uploads\/2021\/05\/shutterstock_1765316306-2048x813.jpg 2048w\" sizes=\"(max-width: 1024px) 100vw, 1024px\" \/><\/figure><div class=\"wp-block-media-text__content\">\n<h2><span class=\"has-inline-color has-vivid-red-color\">BEGLAUBIGUNGEN<\/span><\/h2>\n\n\n\n<p>BV TRAD\u2018 kann f\u00fcr Ihre \u00dcbersetzungsarbeiten gegebenenfalls auch die Beglaubigung der Dokumente \u00fcbernehmen.<\/p>\n\n\n\n<p>Die \u00dcbersetzung von Dokumenten (Geburtsurkunden, Gesch\u00e4ftsunterlagen, Vertr\u00e4ge, notarielle Urkunden, Satzungen, Bilanzen, Vollmachten und sonstige), die bestimmten ausl\u00e4ndischen Beh\u00f6rden vorgelegt werden muss, muss beglaubigt werden. Anders gesagt, diese Dokumente m\u00fcssen von Handelskammern, Ministerien oder Kanzleien authentifiziert werden, damit weitere Schritte im Bestimmungsland unn\u00f6tig werden.<\/p>\n<\/div><\/div>\n\n\n\n<div style=\"height:30px\" aria-hidden=\"true\" class=\"wp-block-spacer\"><\/div>\n\n\n\n<p>Wir arbeiten in \u00fcber hundert verschiedenen Sprachen, von den g\u00e4ngigsten bis zu den seltensten: Englisch, Deutsch, Spanisch, Portugiesisch, Italienisch, Niederl\u00e4ndisch, Fl\u00e4misch, D\u00e4nisch, Norwegisch, Schwedisch, Finnisch, Griechisch, Ungarisch, Polnisch, Russisch, Ukrainisch, Wei\u00dfrussisch, Litauisch, Bosnisch, Kroatisch, Serbisch, Tschechisch, Slowakisch, Chinesisch, Vietnamesisch, Thail\u00e4ndisch, Koreanisch, Japanisch, Indonesisch, Arabisch, T\u00fcrkisch, Persisch und viele mehr&#8230;<\/p>\n\n\n\n<p><\/p>\n\n\n\n<p><\/p>\n\n\n\n<blockquote class=\"wp-block-quote has-text-align-center\"><p><em><em>\u201eEine andere Sprache zu sprechen, bedeutet, eine zweite Seele zu besitzen\u201c<\/em><\/em><\/p><cite><em><br>Karl der Gro\u00dfe<\/em><\/cite><\/blockquote>\n<\/div><\/div>\n","protected":false},"excerpt":{"rendered":"<p>Unsere \u00dcbersetzungsagentur bietet einfache \u00dcbersetzungen, beglaubigte \u00dcbersetzungen, Dolmetsch- und Beglaubigungsleistungen an. \u00dcbersetzung Die einfache (nicht beglaubigte) \u00dcbersetzung wird vom oder von den nach Arbeitssprache und Fachgebiet ausgew\u00e4hlten \u00dcbersetzer(n) ausgef\u00fchrt. Die Fachgebiete k\u00f6nnen technischer (Hoch- und Tiefbau, Industrie und sonstige), juristischer, finanzieller oder wirtschaftlicher, allgemeiner, computertechnischer Natur sein oder Websites, usw. betreffen. Bei beglaubigten \u00dcbersetzungen, die &hellip;<\/p>\n<p class=\"read-more\"> <a class=\"\" href=\"https:\/\/www.bv-trad.com\/de\/services\/\"> <span class=\"screen-reader-text\">Dienstleistungen<\/span> Weiterlesen &raquo;<\/a><\/p>\n","protected":false},"author":1,"featured_media":0,"parent":0,"menu_order":0,"comment_status":"closed","ping_status":"closed","template":"","meta":[],"yoast_head":"<!-- This site is optimized with the Yoast SEO plugin v16.4 - https:\/\/yoast.com\/wordpress\/plugins\/seo\/ -->\n<title>Dienstleistungen - BV Trad\u2019<\/title>\n<meta name=\"description\" content=\"Die Pariser \u00dcbersetzungsagentur BV Trad\u2018 bietet die \u00dcbersetzung von technischen, juristischen, gesch\u00e4ftlichen, usw. Unterlagen und die Abwicklung von Beglaubigungsverfahren an. Kostenloses Angebot.\" \/>\n<meta name=\"robots\" content=\"index, follow, max-snippet:-1, max-image-preview:large, max-video-preview:-1\" \/>\n<link rel=\"canonical\" href=\"https:\/\/www.bv-trad.com\/de\/services\/\" \/>\n<meta property=\"og:locale\" content=\"de_DE\" \/>\n<meta property=\"og:type\" content=\"article\" \/>\n<meta property=\"og:title\" content=\"Dienstleistungen - BV Trad\u2019\" \/>\n<meta property=\"og:description\" content=\"Die Pariser \u00dcbersetzungsagentur BV Trad\u2018 bietet die \u00dcbersetzung von technischen, juristischen, gesch\u00e4ftlichen, usw. Unterlagen und die Abwicklung von Beglaubigungsverfahren an. Kostenloses Angebot.\" \/>\n<meta property=\"og:url\" content=\"https:\/\/www.bv-trad.com\/de\/services\/\" \/>\n<meta property=\"og:site_name\" content=\"BV Trad\u2019\" \/>\n<meta property=\"article:modified_time\" content=\"2021-09-20T08:42:55+00:00\" \/>\n<meta property=\"og:image\" content=\"https:\/\/www.bv-trad.com\/wp-content\/uploads\/2021\/05\/shutterstock_252457561-1-1024x683.jpg\" \/>\n<meta name=\"twitter:card\" content=\"summary_large_image\" \/>\n<meta name=\"twitter:label1\" content=\"Gesch\u00e4tzte Lesezeit\" \/>\n\t<meta name=\"twitter:data1\" content=\"2 Minuten\" \/>\n<script type=\"application\/ld+json\" class=\"yoast-schema-graph\">{\"@context\":\"https:\/\/schema.org\",\"@graph\":[{\"@type\":\"WebSite\",\"@id\":\"https:\/\/www.bv-trad.com\/#website\",\"url\":\"https:\/\/www.bv-trad.com\/\",\"name\":\"BV Trad\\u2019\",\"description\":\"Un site utilisant WordPress\",\"potentialAction\":[{\"@type\":\"SearchAction\",\"target\":\"https:\/\/www.bv-trad.com\/?s={search_term_string}\",\"query-input\":\"required name=search_term_string\"}],\"inLanguage\":\"de-DE\"},{\"@type\":\"ImageObject\",\"@id\":\"https:\/\/www.bv-trad.com\/de\/services\/#primaryimage\",\"inLanguage\":\"de-DE\",\"url\":\"https:\/\/www.bv-trad.com\/wp-content\/uploads\/2021\/05\/shutterstock_252457561-1-1024x683.jpg\",\"contentUrl\":\"https:\/\/www.bv-trad.com\/wp-content\/uploads\/2021\/05\/shutterstock_252457561-1-1024x683.jpg\"},{\"@type\":\"WebPage\",\"@id\":\"https:\/\/www.bv-trad.com\/de\/services\/#webpage\",\"url\":\"https:\/\/www.bv-trad.com\/de\/services\/\",\"name\":\"Dienstleistungen - BV Trad\\u2019\",\"isPartOf\":{\"@id\":\"https:\/\/www.bv-trad.com\/#website\"},\"primaryImageOfPage\":{\"@id\":\"https:\/\/www.bv-trad.com\/de\/services\/#primaryimage\"},\"datePublished\":\"2020-09-15T06:48:51+00:00\",\"dateModified\":\"2021-09-20T08:42:55+00:00\",\"description\":\"Die Pariser \\u00dcbersetzungsagentur BV Trad\\u2018 bietet die \\u00dcbersetzung von technischen, juristischen, gesch\\u00e4ftlichen, usw. Unterlagen und die Abwicklung von Beglaubigungsverfahren an. Kostenloses Angebot.\",\"breadcrumb\":{\"@id\":\"https:\/\/www.bv-trad.com\/de\/services\/#breadcrumb\"},\"inLanguage\":\"de-DE\",\"potentialAction\":[{\"@type\":\"ReadAction\",\"target\":[\"https:\/\/www.bv-trad.com\/de\/services\/\"]}]},{\"@type\":\"BreadcrumbList\",\"@id\":\"https:\/\/www.bv-trad.com\/de\/services\/#breadcrumb\",\"itemListElement\":[{\"@type\":\"ListItem\",\"position\":1,\"item\":{\"@id\":\"https:\/\/www.bv-trad.com\/de\/services\/#webpage\"}}]}]}<\/script>\n<!-- \/ Yoast SEO plugin. -->","_links":{"self":[{"href":"https:\/\/www.bv-trad.com\/de\/wp-json\/wp\/v2\/pages\/944"}],"collection":[{"href":"https:\/\/www.bv-trad.com\/de\/wp-json\/wp\/v2\/pages"}],"about":[{"href":"https:\/\/www.bv-trad.com\/de\/wp-json\/wp\/v2\/types\/page"}],"author":[{"embeddable":true,"href":"https:\/\/www.bv-trad.com\/de\/wp-json\/wp\/v2\/users\/1"}],"replies":[{"embeddable":true,"href":"https:\/\/www.bv-trad.com\/de\/wp-json\/wp\/v2\/comments?post=944"}],"version-history":[{"count":2,"href":"https:\/\/www.bv-trad.com\/de\/wp-json\/wp\/v2\/pages\/944\/revisions"}],"predecessor-version":[{"id":974,"href":"https:\/\/www.bv-trad.com\/de\/wp-json\/wp\/v2\/pages\/944\/revisions\/974"}],"wp:attachment":[{"href":"https:\/\/www.bv-trad.com\/de\/wp-json\/wp\/v2\/media?parent=944"}],"curies":[{"name":"wp","href":"https:\/\/api.w.org\/{rel}","templated":true}]}}