{"id":939,"date":"2020-09-15T06:48:29","date_gmt":"2020-09-15T06:48:29","guid":{"rendered":"https:\/\/www.bv-trad.com\/presentation\/"},"modified":"2021-09-20T14:49:51","modified_gmt":"2021-09-20T12:49:51","slug":"presentation","status":"publish","type":"page","link":"https:\/\/www.bv-trad.com\/de\/presentation\/","title":{"rendered":"Pr\u00e4sentation"},"content":{"rendered":"\n<div class=\"wp-block-cover alignfull has-background-dim has-parallax\" style=\"background-image:url(https:\/\/www.bv-trad.com\/wp-content\/uploads\/2021\/05\/shutterstock_1257852352-scaled.jpg);background-color:#040219;min-height:600px\"><div class=\"wp-block-cover__inner-container\">\n<p><\/p>\n\n\n\n<h1 class=\"has-text-align-center has-white-color has-text-color\">Pr\u00e4sentation<\/h1>\n<\/div><\/div>\n\n\n\n<div class=\"wp-block-group alignfull has-white-background-color has-background\"><div class=\"wp-block-group__inner-container\">\n<blockquote class=\"wp-block-quote has-text-align-center is-style-default\"><p><em><em>\u201eSprichst du zu jemandem einer Sprache, die er versteht, dann erreichst du seinen Verstand. <\/em><\/em><\/p><p><em><em>Sprichst du jedoch in seiner Sprache zu ihm, dann erreichst du sein Herz.\u201c<\/em><\/em> <\/p><cite>Nelson Mandela<\/cite><\/blockquote>\n\n\n\n<div class=\"wp-block-media-text has-media-on-the-right is-stacked-on-mobile is-vertically-aligned-center alignwide\" style=\"grid-template-columns:auto 41%\"><figure class=\"wp-block-media-text__media\"><img loading=\"lazy\" width=\"1024\" height=\"681\" src=\"https:\/\/www.bv-trad.com\/wp-content\/uploads\/2021\/05\/shutterstock_172117325-1024x681.jpg\" alt=\"\" class=\"wp-image-295 size-full\" srcset=\"https:\/\/www.bv-trad.com\/wp-content\/uploads\/2021\/05\/shutterstock_172117325-1024x681.jpg 1024w, https:\/\/www.bv-trad.com\/wp-content\/uploads\/2021\/05\/shutterstock_172117325-300x199.jpg 300w, https:\/\/www.bv-trad.com\/wp-content\/uploads\/2021\/05\/shutterstock_172117325-768x511.jpg 768w, https:\/\/www.bv-trad.com\/wp-content\/uploads\/2021\/05\/shutterstock_172117325-1536x1021.jpg 1536w, https:\/\/www.bv-trad.com\/wp-content\/uploads\/2021\/05\/shutterstock_172117325-2048x1362.jpg 2048w\" sizes=\"(max-width: 1024px) 100vw, 1024px\" \/><\/figure><div class=\"wp-block-media-text__content\">\n<p><\/p>\n\n\n\n<h2 class=\"has-text-align-center\"><strong>Pr\u00e4sentation<\/strong> VON BV TRAD&#8216;<\/h2>\n\n\n\n<p>BV TRAD\u2018 wurde 2016 von Vanessa Mlinarevic gegr\u00fcndet. Sie verf\u00fcgt \u00fcber mehr als f\u00fcnfundzwanzig Jahre Branchenerfahrung und war davon \u00fcber 20 Jahre lang als Verantwortliche einer gro\u00dfen Pariser \u00dcbersetzungsagentur und anschlie\u00dfend als Selbst\u00e4ndige t\u00e4tig.<\/p>\n\n\n\n<p>\u201e<em>Wenn die Arbeit ein Vergn\u00fcgen ist, wird das Leben zur Freude. Ist sie jedoch eine Pflicht, wird das Leben zur Sklaverei.\u201c&nbsp;<\/em>Maxime Gorki<\/p>\n\n\n\n<p>F\u00fcr die Gesch\u00e4ftsf\u00fchrerin von BV TRAD\u2018, die slawischer Herkunft ist und f\u00fcr die Sprachen schon immer fester Bestandteil ihres Lebens waren, ist das <strong>\u00dcbersetzen<\/strong> die nat\u00fcrliche Vollendung ihrer beruflichen Laufbahn.<\/p>\n\n\n\n<p><strong>Sprachen&#8230;<\/strong> Beruht die Basis einer guten Beziehung nicht auf einem guten Verst\u00e4ndnis des Gegen\u00fcbers? Mit der Internationalisierung der Unternehmen und der Welt ist die \u00dcbersetzert\u00e4tigkeit heute f\u00fcr die Erschlie\u00dfung neuer M\u00e4rkte unverzichtbar.<\/p>\n<\/div><\/div>\n\n\n\n<p><\/p>\n\n\n\n<p>Unsere \u00dcbersetzungsagentur bietet verschiedene Dienstleistungen an, darunter einfache \u00dcbersetzungen (technisch, juristisch, Finanzen, Wirtschaft, allgemein, usw.), beglaubigte \u00dcbersetzungen und Dolmetschleistungen (konsekutiv oder simultan), und zwar f\u00fcr jede Ausgangs- und Zielsprache. Wir begleiten Sie bei Ihrem Projekt, von Anfang bis Ende. Unser Projektleiter w\u00e4hlt den Experten aus unserem Team aus (\u00dcbersetzer oder Dolmetscher), der auf das von Ihnen gesuchte Fachgebiet spezialisiert ist, um Ihren Bed\u00fcrfnissen gerecht zu werden.<\/p>\n\n\n\n<p><em>\u201eDer Charakter der Menschen l\u00e4sst sich nach ihren Unternehmungen beurteilen.&nbsp;<\/em>\u201c Voltaire<\/p>\n\n\n\n<p>Unsere Devise lautet Qualit\u00e4t, Kompetenz, Professionalit\u00e4t und nicht zu vergessen Kundenn\u00e4he.<\/p>\n\n\n\n<div style=\"height:23px\" aria-hidden=\"true\" class=\"wp-block-spacer\"><\/div>\n\n\n\n<h2><span class=\"has-inline-color has-vivid-red-color\">Unsere Devise<\/span><\/h2>\n\n\n\n<div class=\"wp-block-columns\">\n<div class=\"wp-block-column\">\n<h2>Qualit\u00e4t<\/h2>\n\n\n\n<p>Die <strong><span class=\"has-inline-color has-vivid-red-color\">Qualit\u00e4t<\/span><\/strong> der Arbeit von BV TRAD\u2018 beruht auf strikten Kriterien, die sich in sehr unterschiedlichen Gebieten bew\u00e4hrt haben. <\/p>\n\n\n\n<p>Um eine hochwertige Arbeit zu liefern, muss eine \u00dcbersetzung immer die perfekte Wiedergabe des Ursprungsdokuments sein, muss sich an das Vokabular halten &#8211; nat\u00fcrlich ohne zu w\u00f6rtlich zu sein &#8211; und muss in der Zielsprache denken! <\/p>\n\n\n\n<p>Wir wenden diese Methode an&#8230; Beleg daf\u00fcr ist die Treue unserer aus den unterschiedlichsten Bereichen stammenden Kunden.<\/p>\n<\/div>\n\n\n\n<div class=\"wp-block-column\">\n<h2>Kompetenz<\/h2>\n\n\n\n<p>Was die <strong><span class=\"has-inline-color has-vivid-red-color\">Kompetenz<\/span><\/strong> anbelangt, so fordert BV TRAD\u2018 von all seinen \u00dcbersetzern ausgezeichnete Qualit\u00e4t.<\/p>\n\n\n\n<p>Ihre Fachkenntnis beruht nicht nur auf ihrem Wissen in den von ihnen zu bearbeitenden Themenbereichen, sondern auch auf den praktischen Erfahrungen, die sie in den jeweiligen Bereichen erworben haben.<\/p>\n\n\n\n<p>Denn BV TRAD\u2018 deckt alle n\u00e4her oder ferner mit den Dienstleistungsbereichen oder der Industrie im Allgemeinen zusammenh\u00e4ngenden Bereiche ab.<\/p>\n<\/div>\n<\/div>\n\n\n\n<div class=\"wp-block-columns\">\n<div class=\"wp-block-column\">\n<h2>Professionalit\u00e4t<\/h2>\n\n\n\n<p>Die <strong><span class=\"has-inline-color has-vivid-red-color\">Professionalit\u00e4t<\/span><\/strong> von BV TRAD\u2018 schl\u00e4gt sich in wettbewerbsf\u00e4higen Preisen, eingehaltenen Fristen, einfachen und klaren Verfahren, einem angemessenen Budget und einem strikt eingehaltenen Termin nieder.<\/p>\n<\/div>\n\n\n\n<div class=\"wp-block-column\">\n<h2>Kundenn\u00e4he<\/h2>\n\n\n\n<p>Der ethische Ansatz von BV TRAD\u2018 besteht darin, <strong><span class=\"has-inline-color has-vivid-red-color\">Kundenn\u00e4he<\/span><\/strong> zu schaffen. Diese Politik kommt stets zur Anwendung. Sie erm\u00f6glicht einen ausgewogenen gegenseitigen Austausch und f\u00f6rdert das Vertrauen, was von gr\u00f6\u00dfter Bedeutung ist.<\/p>\n<\/div>\n<\/div>\n\n\n\n<div style=\"height:6px\" aria-hidden=\"true\" class=\"wp-block-spacer\"><\/div>\n\n\n\n<p class=\"has-text-align-center\">Besuchen Sie uns in unseren R\u00e4umen in Paris!<\/p>\n<\/div><\/div>\n\n\n\n<div class=\"wp-block-image\"><figure class=\"aligncenter size-large is-resized\"><img loading=\"lazy\" src=\"https:\/\/www.bv-trad.com\/wp-content\/uploads\/2021\/05\/IMG_2344-copie-832x1024.jpg\" alt=\"\" class=\"wp-image-301\" width=\"379\" height=\"467\" srcset=\"https:\/\/www.bv-trad.com\/wp-content\/uploads\/2021\/05\/IMG_2344-copie-832x1024.jpg 832w, https:\/\/www.bv-trad.com\/wp-content\/uploads\/2021\/05\/IMG_2344-copie-244x300.jpg 244w, https:\/\/www.bv-trad.com\/wp-content\/uploads\/2021\/05\/IMG_2344-copie-768x945.jpg 768w, https:\/\/www.bv-trad.com\/wp-content\/uploads\/2021\/05\/IMG_2344-copie-1249x1536.jpg 1249w, https:\/\/www.bv-trad.com\/wp-content\/uploads\/2021\/05\/IMG_2344-copie-1665x2048.jpg 1665w\" sizes=\"(max-width: 379px) 100vw, 379px\" \/><\/figure><\/div>\n\n\n\n<p><\/p>\n\n\n\n<p><\/p>\n\n\n\n<p><\/p>\n","protected":false},"excerpt":{"rendered":"<p>\u201eSprichst du zu jemandem einer Sprache, die er versteht, dann erreichst du seinen Verstand. Sprichst du jedoch in seiner Sprache zu ihm, dann erreichst du sein Herz.\u201c Nelson Mandela Pr\u00e4sentation VON BV TRAD&#8216; BV TRAD\u2018 wurde 2016 von Vanessa Mlinarevic gegr\u00fcndet. Sie verf\u00fcgt \u00fcber mehr als f\u00fcnfundzwanzig Jahre Branchenerfahrung und war davon \u00fcber 20 Jahre &hellip;<\/p>\n<p class=\"read-more\"> <a class=\"\" href=\"https:\/\/www.bv-trad.com\/de\/presentation\/\"> <span class=\"screen-reader-text\">Pr\u00e4sentation<\/span> Weiterlesen &raquo;<\/a><\/p>\n","protected":false},"author":1,"featured_media":0,"parent":0,"menu_order":0,"comment_status":"closed","ping_status":"closed","template":"","meta":[],"yoast_head":"<!-- This site is optimized with the Yoast SEO plugin v16.4 - https:\/\/yoast.com\/wordpress\/plugins\/seo\/ -->\n<title>Pr\u00e4sentation - BV Trad\u2019<\/title>\n<meta name=\"description\" content=\"BV Trad\u2018 ist eine \u00dcbersetzungsagentur in Paris, die Ihnen seit \u00fcber 25 Jahren \u00dcbersetzungsleistungen anbietet. Kontaktieren Sie uns!\" \/>\n<meta name=\"robots\" content=\"index, follow, max-snippet:-1, max-image-preview:large, max-video-preview:-1\" \/>\n<link rel=\"canonical\" href=\"https:\/\/www.bv-trad.com\/de\/presentation\/\" \/>\n<meta property=\"og:locale\" content=\"de_DE\" \/>\n<meta property=\"og:type\" content=\"article\" \/>\n<meta property=\"og:title\" content=\"Pr\u00e4sentation - BV Trad\u2019\" \/>\n<meta property=\"og:description\" content=\"BV Trad\u2018 ist eine \u00dcbersetzungsagentur in Paris, die Ihnen seit \u00fcber 25 Jahren \u00dcbersetzungsleistungen anbietet. Kontaktieren Sie uns!\" \/>\n<meta property=\"og:url\" content=\"https:\/\/www.bv-trad.com\/de\/presentation\/\" \/>\n<meta property=\"og:site_name\" content=\"BV Trad\u2019\" \/>\n<meta property=\"article:modified_time\" content=\"2021-09-20T12:49:51+00:00\" \/>\n<meta property=\"og:image\" content=\"https:\/\/www.bv-trad.com\/wp-content\/uploads\/2021\/05\/shutterstock_172117325-1024x681.jpg\" \/>\n<meta name=\"twitter:card\" content=\"summary_large_image\" \/>\n<meta name=\"twitter:label1\" content=\"Gesch\u00e4tzte Lesezeit\" \/>\n\t<meta name=\"twitter:data1\" content=\"3 Minuten\" \/>\n<script type=\"application\/ld+json\" class=\"yoast-schema-graph\">{\"@context\":\"https:\/\/schema.org\",\"@graph\":[{\"@type\":\"WebSite\",\"@id\":\"https:\/\/www.bv-trad.com\/#website\",\"url\":\"https:\/\/www.bv-trad.com\/\",\"name\":\"BV Trad\\u2019\",\"description\":\"Un site utilisant WordPress\",\"potentialAction\":[{\"@type\":\"SearchAction\",\"target\":\"https:\/\/www.bv-trad.com\/?s={search_term_string}\",\"query-input\":\"required name=search_term_string\"}],\"inLanguage\":\"de-DE\"},{\"@type\":\"ImageObject\",\"@id\":\"https:\/\/www.bv-trad.com\/de\/presentation\/#primaryimage\",\"inLanguage\":\"de-DE\",\"url\":\"https:\/\/www.bv-trad.com\/wp-content\/uploads\/2021\/05\/shutterstock_172117325-1024x681.jpg\",\"contentUrl\":\"https:\/\/www.bv-trad.com\/wp-content\/uploads\/2021\/05\/shutterstock_172117325-1024x681.jpg\"},{\"@type\":\"WebPage\",\"@id\":\"https:\/\/www.bv-trad.com\/de\/presentation\/#webpage\",\"url\":\"https:\/\/www.bv-trad.com\/de\/presentation\/\",\"name\":\"Pr\\u00e4sentation - BV Trad\\u2019\",\"isPartOf\":{\"@id\":\"https:\/\/www.bv-trad.com\/#website\"},\"primaryImageOfPage\":{\"@id\":\"https:\/\/www.bv-trad.com\/de\/presentation\/#primaryimage\"},\"datePublished\":\"2020-09-15T06:48:29+00:00\",\"dateModified\":\"2021-09-20T12:49:51+00:00\",\"description\":\"BV Trad\\u2018 ist eine \\u00dcbersetzungsagentur in Paris, die Ihnen seit \\u00fcber 25 Jahren \\u00dcbersetzungsleistungen anbietet. Kontaktieren Sie uns!\",\"breadcrumb\":{\"@id\":\"https:\/\/www.bv-trad.com\/de\/presentation\/#breadcrumb\"},\"inLanguage\":\"de-DE\",\"potentialAction\":[{\"@type\":\"ReadAction\",\"target\":[\"https:\/\/www.bv-trad.com\/de\/presentation\/\"]}]},{\"@type\":\"BreadcrumbList\",\"@id\":\"https:\/\/www.bv-trad.com\/de\/presentation\/#breadcrumb\",\"itemListElement\":[{\"@type\":\"ListItem\",\"position\":1,\"item\":{\"@id\":\"https:\/\/www.bv-trad.com\/de\/presentation\/#webpage\"}}]}]}<\/script>\n<!-- \/ Yoast SEO plugin. -->","_links":{"self":[{"href":"https:\/\/www.bv-trad.com\/de\/wp-json\/wp\/v2\/pages\/939"}],"collection":[{"href":"https:\/\/www.bv-trad.com\/de\/wp-json\/wp\/v2\/pages"}],"about":[{"href":"https:\/\/www.bv-trad.com\/de\/wp-json\/wp\/v2\/types\/page"}],"author":[{"embeddable":true,"href":"https:\/\/www.bv-trad.com\/de\/wp-json\/wp\/v2\/users\/1"}],"replies":[{"embeddable":true,"href":"https:\/\/www.bv-trad.com\/de\/wp-json\/wp\/v2\/comments?post=939"}],"version-history":[{"count":3,"href":"https:\/\/www.bv-trad.com\/de\/wp-json\/wp\/v2\/pages\/939\/revisions"}],"predecessor-version":[{"id":1045,"href":"https:\/\/www.bv-trad.com\/de\/wp-json\/wp\/v2\/pages\/939\/revisions\/1045"}],"wp:attachment":[{"href":"https:\/\/www.bv-trad.com\/de\/wp-json\/wp\/v2\/media?parent=939"}],"curies":[{"name":"wp","href":"https:\/\/api.w.org\/{rel}","templated":true}]}}