{"id":934,"date":"2020-09-15T06:48:15","date_gmt":"2020-09-15T06:48:15","guid":{"rendered":"https:\/\/www.bv-trad.com\/home\/"},"modified":"2021-09-20T10:42:29","modified_gmt":"2021-09-20T08:42:29","slug":"home","status":"publish","type":"page","link":"https:\/\/www.bv-trad.com\/de\/","title":{"rendered":"Startseite"},"content":{"rendered":"\n<div class=\"wp-block-cover alignfull has-background-dim has-parallax\" style=\"background-image:url(https:\/\/www.bv-trad.com\/wp-content\/uploads\/2021\/06\/bv-trad-home-1.jpg);background-color:#040219;min-height:750px\"><div class=\"wp-block-cover__inner-container\">\n<h3 class=\"has-text-align-center has-white-color has-text-color\"><span class=\"has-inline-color has-white-color\">Willkommen bei BV TRAD\u2018<\/span><\/h3>\n\n\n\n<hr class=\"wp-block-separator aligncenter\"\/>\n\n\n\n<h1 class=\"has-text-align-center has-white-color has-text-color\"><span class=\"has-inline-color has-white-color\">Ihr Spezialist f\u00fcr \u00dcbersetzungen<\/span><\/h1>\n\n\n\n<h1 class=\"has-text-align-center has-white-color has-text-color\"><span class=\"has-inline-color has-white-color\">in Paris<\/span><\/h1>\n<\/div><\/div>\n\n\n\n<div class=\"wp-block-group alignfull has-white-background-color has-background\"><div class=\"wp-block-group__inner-container\">\n<blockquote class=\"wp-block-quote has-text-align-center is-style-default\"><p><\/p><p><em>\u201eDie Grenzen meiner Sprache sind die Grenzen meiner Welt\u201c<\/em><\/p><cite>Ludwig Wittgenstein<\/cite><\/blockquote>\n\n\n\n<hr class=\"wp-block-separator has-text-color has-background has-white-background-color has-white-color is-style-dots\"\/>\n\n\n\n<h2 class=\"has-text-align-center\">Agentur f\u00fcr \u00dcbersetzungen <\/h2>\n\n\n\n<h2 class=\"has-text-align-center\">und Sprachdienstleistungen in Paris<\/h2>\n\n\n\n<div class=\"wp-block-group\"><div class=\"wp-block-group__inner-container\">\n<div class=\"wp-block-media-text alignwide is-stacked-on-mobile\"><figure class=\"wp-block-media-text__media\"><img loading=\"lazy\" width=\"1024\" height=\"639\" src=\"https:\/\/www.bv-trad.com\/wp-content\/uploads\/2021\/05\/shutterstock_386648416-3-1024x639.jpg\" alt=\"\" class=\"wp-image-284 size-full\" srcset=\"https:\/\/www.bv-trad.com\/wp-content\/uploads\/2021\/05\/shutterstock_386648416-3-1024x639.jpg 1024w, https:\/\/www.bv-trad.com\/wp-content\/uploads\/2021\/05\/shutterstock_386648416-3-300x187.jpg 300w, https:\/\/www.bv-trad.com\/wp-content\/uploads\/2021\/05\/shutterstock_386648416-3-768x480.jpg 768w, https:\/\/www.bv-trad.com\/wp-content\/uploads\/2021\/05\/shutterstock_386648416-3-1536x959.jpg 1536w, https:\/\/www.bv-trad.com\/wp-content\/uploads\/2021\/05\/shutterstock_386648416-3-2048x1279.jpg 2048w\" sizes=\"(max-width: 1024px) 100vw, 1024px\" \/><\/figure><div class=\"wp-block-media-text__content\">\n<h3 class=\"has-text-align-center\"><span class=\"has-inline-color has-vivid-red-color\">DIE DIENSTLEISTUNGEN VON BV TRAD\u2018<\/span><\/h3>\n\n\n\n<p>BV TRAD\u2018 ist seit mehr als 25 Jahren Partner von ca. f\u00fcnfzig Unternehmen im Sprachbereich; unsere Spezialit\u00e4t:<\/p>\n\n\n\n<p class=\"has-text-align-center\"><strong>\u00dcbersetzung von Dokumenten.<\/strong><strong><\/strong><\/p>\n\n\n\n<p>Unternehmen m\u00fcssen ihre Gesch\u00e4ftst\u00e4tigkeit heute mehr denn je auf alle Kontinente ausdehnen. Die Beherrschung von Sprachen und Sprachtechniken sowie die Kenntnis der Landeskultur ist angesichts der Internationalisierung der M\u00e4rkte ein Schl\u00fcsselfaktor f\u00fcr Erfolg.<\/p>\n\n\n\n<p>Heute existieren \u00dcbersetzungssoftwareprogramme, die hilfreich sein k\u00f6nnen, doch derzeit kann noch kein Programm <strong>den \u00dcbersetzer<\/strong> ersetzen.<\/p>\n<\/div><\/div>\n<\/div><\/div>\n\n\n\n<div class=\"wp-block-media-text alignwide has-media-on-the-right is-stacked-on-mobile\"><figure class=\"wp-block-media-text__media\"><img loading=\"lazy\" width=\"1024\" height=\"737\" src=\"https:\/\/www.bv-trad.com\/wp-content\/uploads\/2021\/05\/shutterstock_178558850-1024x737.jpg\" alt=\"\" class=\"wp-image-285 size-full\" srcset=\"https:\/\/www.bv-trad.com\/wp-content\/uploads\/2021\/05\/shutterstock_178558850-1024x737.jpg 1024w, https:\/\/www.bv-trad.com\/wp-content\/uploads\/2021\/05\/shutterstock_178558850-300x216.jpg 300w, https:\/\/www.bv-trad.com\/wp-content\/uploads\/2021\/05\/shutterstock_178558850-768x552.jpg 768w, https:\/\/www.bv-trad.com\/wp-content\/uploads\/2021\/05\/shutterstock_178558850-1536x1105.jpg 1536w, https:\/\/www.bv-trad.com\/wp-content\/uploads\/2021\/05\/shutterstock_178558850-2048x1473.jpg 2048w\" sizes=\"(max-width: 1024px) 100vw, 1024px\" \/><\/figure><div class=\"wp-block-media-text__content\">\n<h3 class=\"has-text-align-center\"><span class=\"has-inline-color has-vivid-red-color\">SPEZIALIST F\u00dcR \u00dcBER 100 SPRACHEN <\/span><\/h3>\n\n\n\n<p>Unabh\u00e4ngig von der Art Ihrer Anfrage bieten wir einen hochwertigen \u00dcbersetzungsdienst auf dem gew\u00fcnschten Gebiet an. Unsere \u00dcbersetzungen werden von muttersprachlichen Fach\u00fcbersetzern erstellt und danach sorgf\u00e4ltig Korrektur gelesen. Dabei halten wir nat\u00fcrlich Ihre vorgegebenen Fristen ein.<\/p>\n\n\n\n<p>Eine Handlung l\u00e4sst sich nur an der Qualit\u00e4t ihrer Ergebnisse bemessen.<\/p>\n\n\n\n<p>Die Treue unserer Kunden belegt das. Unsere Aufgabe besteht darin, die Familie wachsen zu lassen, und dieses Wachstum wird ausschlie\u00dflich das Ergebnis unserer Arbeit sein.<\/p>\n\n\n\n<p>Auf dieser Website stellen wir Ihnen auf einigen Seiten unsere Arbeitsmethoden, Kompetenzen, unsere Erfahrung und vor allem unsere Arbeitsphilosophie vor.<\/p>\n\n\n\n<p class=\"has-text-align-left\">Unsere \u00dcbersetzungsagentur \u00fcbernimmt alle Arten von \u00dcbersetzungsprojekten in \u00fcber 100 unterschiedlichen Sprachkombinationen und in den verschiedensten Bereichen. So \u00fcbernehmen wir die \u00dcbersetzung technischer, allgemeinsprachlicher, juristischer oder kaufm\u00e4nnischer Texte ebenso wie die \u00dcbersetzung von Websites und anderer Unterlagen. Das \u00dcbersetzungsergebnis erhalten Sie je nach Wunsch in Form einer einfachen oder einer beglaubigten \u00dcbersetzung.<\/p>\n<\/div><\/div>\n\n\n\n<hr class=\"wp-block-separator has-text-color has-background has-white-background-color has-white-color is-style-dots\"\/>\n\n\n\n<p>Zur Abrundung unseres Leistungsspektrums \u00fcbernehmen wir auch die Verfahren zur Beglaubigung Ihrer Unterlagen, falls diese von ausl\u00e4ndischen Beh\u00f6rden gefordert wird, um Ihnen diese Schritte vor Ort im fraglichen Land zu ersparen.<\/p>\n\n\n\n<p>BV TRAD\u2018 verpflichtet sich gem\u00e4\u00df den deontologischen Regeln des Berufsstandes sowie gem\u00e4\u00df Artikel 226-13 des franz\u00f6sischen Strafrechts ggf. zur Einhaltung des Berufsgeheimnisses in Bezug auf den Inhalt der uns anvertrauten Texte.<\/p>\n\n\n\n<p>Diese Website soll Ihnen dabei helfen, uns zumindest ein wenig kennenzulernen. Unsere Priorit\u00e4t ist die Umsetzung Ihrer Priorit\u00e4t.<\/p>\n\n\n\n<p>Daher ist es am besten, wenn Sie direkt mit unseren Mitarbeitern Kontakt aufnehmen. Sie beantworten gerne alle Ihre Fragen.<\/p>\n\n\n\n<p>Wenden Sie sich unbesorgt und umgehend an unsere \u00dcbersetzungsagentur!<\/p>\n<\/div><\/div>\n\n\n\n<p><\/p>\n","protected":false},"excerpt":{"rendered":"<p>\u201eDie Grenzen meiner Sprache sind die Grenzen meiner Welt\u201c Ludwig Wittgenstein Agentur f\u00fcr \u00dcbersetzungen und Sprachdienstleistungen in Paris DIE DIENSTLEISTUNGEN VON BV TRAD\u2018 BV TRAD\u2018 ist seit mehr als 25 Jahren Partner von ca. f\u00fcnfzig Unternehmen im Sprachbereich; unsere Spezialit\u00e4t: \u00dcbersetzung von Dokumenten. Unternehmen m\u00fcssen ihre Gesch\u00e4ftst\u00e4tigkeit heute mehr denn je auf alle Kontinente ausdehnen. &hellip;<\/p>\n<p class=\"read-more\"> <a class=\"\" href=\"https:\/\/www.bv-trad.com\/de\/\"> <span class=\"screen-reader-text\">Startseite<\/span> Weiterlesen &raquo;<\/a><\/p>\n","protected":false},"author":1,"featured_media":0,"parent":0,"menu_order":0,"comment_status":"closed","ping_status":"closed","template":"","meta":[],"yoast_head":"<!-- This site is optimized with the Yoast SEO plugin v16.4 - https:\/\/yoast.com\/wordpress\/plugins\/seo\/ -->\n<title>BV Trad&#039; - Ihr Spezialist f\u00fcr \u00dcbersetzungen in Paris<\/title>\n<meta name=\"description\" content=\"BV Trad\u2018 ist eine \u00dcbersetzungsagentur in Paris, die Ihnen einfache und beglaubigte \u00dcbersetzungen und Dolmetschleistungen anbietet. Kostenloses und schnelles Angebot.\" \/>\n<meta name=\"robots\" content=\"index, follow, max-snippet:-1, max-image-preview:large, max-video-preview:-1\" \/>\n<link rel=\"canonical\" href=\"https:\/\/www.bv-trad.com\/de\/\" \/>\n<meta property=\"og:locale\" content=\"de_DE\" \/>\n<meta property=\"og:type\" content=\"article\" \/>\n<meta property=\"og:title\" content=\"BV Trad&#039; - Ihr Spezialist f\u00fcr \u00dcbersetzungen in Paris\" \/>\n<meta property=\"og:description\" content=\"BV Trad\u2018 ist eine \u00dcbersetzungsagentur in Paris, die Ihnen einfache und beglaubigte \u00dcbersetzungen und Dolmetschleistungen anbietet. Kostenloses und schnelles Angebot.\" \/>\n<meta property=\"og:url\" content=\"https:\/\/www.bv-trad.com\/de\/\" \/>\n<meta property=\"og:site_name\" content=\"BV Trad\u2019\" \/>\n<meta property=\"article:modified_time\" content=\"2021-09-20T08:42:29+00:00\" \/>\n<meta property=\"og:image\" content=\"https:\/\/www.bv-trad.com\/wp-content\/uploads\/2021\/05\/shutterstock_386648416-3-1024x639.jpg\" \/>\n<meta name=\"twitter:card\" content=\"summary_large_image\" \/>\n<meta name=\"twitter:label1\" content=\"Gesch\u00e4tzte Lesezeit\" \/>\n\t<meta name=\"twitter:data1\" content=\"2 Minuten\" \/>\n<script type=\"application\/ld+json\" class=\"yoast-schema-graph\">{\"@context\":\"https:\/\/schema.org\",\"@graph\":[{\"@type\":\"WebSite\",\"@id\":\"https:\/\/www.bv-trad.com\/#website\",\"url\":\"https:\/\/www.bv-trad.com\/\",\"name\":\"BV Trad\\u2019\",\"description\":\"Un site utilisant WordPress\",\"potentialAction\":[{\"@type\":\"SearchAction\",\"target\":\"https:\/\/www.bv-trad.com\/?s={search_term_string}\",\"query-input\":\"required name=search_term_string\"}],\"inLanguage\":\"de-DE\"},{\"@type\":\"ImageObject\",\"@id\":\"https:\/\/www.bv-trad.com\/de\/#primaryimage\",\"inLanguage\":\"de-DE\",\"url\":\"https:\/\/www.bv-trad.com\/wp-content\/uploads\/2021\/05\/shutterstock_386648416-3-1024x639.jpg\",\"contentUrl\":\"https:\/\/www.bv-trad.com\/wp-content\/uploads\/2021\/05\/shutterstock_386648416-3-1024x639.jpg\"},{\"@type\":\"WebPage\",\"@id\":\"https:\/\/www.bv-trad.com\/de\/#webpage\",\"url\":\"https:\/\/www.bv-trad.com\/de\/\",\"name\":\"BV Trad' - Ihr Spezialist f\\u00fcr \\u00dcbersetzungen in Paris\",\"isPartOf\":{\"@id\":\"https:\/\/www.bv-trad.com\/#website\"},\"primaryImageOfPage\":{\"@id\":\"https:\/\/www.bv-trad.com\/de\/#primaryimage\"},\"datePublished\":\"2020-09-15T06:48:15+00:00\",\"dateModified\":\"2021-09-20T08:42:29+00:00\",\"description\":\"BV Trad\\u2018 ist eine \\u00dcbersetzungsagentur in Paris, die Ihnen einfache und beglaubigte \\u00dcbersetzungen und Dolmetschleistungen anbietet. Kostenloses und schnelles Angebot.\",\"breadcrumb\":{\"@id\":\"https:\/\/www.bv-trad.com\/de\/#breadcrumb\"},\"inLanguage\":\"de-DE\",\"potentialAction\":[{\"@type\":\"ReadAction\",\"target\":[\"https:\/\/www.bv-trad.com\/de\/\"]}]},{\"@type\":\"BreadcrumbList\",\"@id\":\"https:\/\/www.bv-trad.com\/de\/#breadcrumb\",\"itemListElement\":[{\"@type\":\"ListItem\",\"position\":1,\"item\":{\"@id\":\"https:\/\/www.bv-trad.com\/de\/#webpage\"}}]}]}<\/script>\n<!-- \/ Yoast SEO plugin. -->","_links":{"self":[{"href":"https:\/\/www.bv-trad.com\/de\/wp-json\/wp\/v2\/pages\/934"}],"collection":[{"href":"https:\/\/www.bv-trad.com\/de\/wp-json\/wp\/v2\/pages"}],"about":[{"href":"https:\/\/www.bv-trad.com\/de\/wp-json\/wp\/v2\/types\/page"}],"author":[{"embeddable":true,"href":"https:\/\/www.bv-trad.com\/de\/wp-json\/wp\/v2\/users\/1"}],"replies":[{"embeddable":true,"href":"https:\/\/www.bv-trad.com\/de\/wp-json\/wp\/v2\/comments?post=934"}],"version-history":[{"count":2,"href":"https:\/\/www.bv-trad.com\/de\/wp-json\/wp\/v2\/pages\/934\/revisions"}],"predecessor-version":[{"id":972,"href":"https:\/\/www.bv-trad.com\/de\/wp-json\/wp\/v2\/pages\/934\/revisions\/972"}],"wp:attachment":[{"href":"https:\/\/www.bv-trad.com\/de\/wp-json\/wp\/v2\/media?parent=934"}],"curies":[{"name":"wp","href":"https:\/\/api.w.org\/{rel}","templated":true}]}}