{"id":734,"date":"2020-09-15T06:49:03","date_gmt":"2020-09-15T06:49:03","guid":{"rendered":"https:\/\/www.bv-trad.com\/contact\/"},"modified":"2021-09-20T14:52:01","modified_gmt":"2021-09-20T12:52:01","slug":"contact","status":"publish","type":"page","link":"https:\/\/www.bv-trad.com\/ar\/contact\/","title":{"rendered":"Contact"},"content":{"rendered":"\n<div class=\"wp-block-cover alignfull has-black-background-color has-background-dim has-parallax\" style=\"background-image:url(https:\/\/www.bv-trad.com\/wp-content\/uploads\/2021\/05\/shutterstock_1099878668-scaled.jpg);min-height:600px\"><div class=\"wp-block-cover__inner-container\">\n<h1 class=\"has-text-align-center has-white-color has-text-color\">\u0627\u0644\u0627\u062a\u0635\u0627\u0644<\/h1>\n<\/div><\/div>\n\n\n\n<div class=\"wp-block-group alignfull has-white-background-color has-background\"><div class=\"wp-block-group__inner-container\">\n<div class=\"wp-block-columns are-vertically-aligned-center\">\n<div class=\"wp-block-column is-vertically-aligned-center\">\n<h2>\u0637\u0644\u0628 \u0645\u0639\u0644\u0648\u0645\u0627\u062a<\/h2>\n\n\n<div class=\"wpforms-container \" id=\"wpforms-1038\"><form id=\"wpforms-form-1038\" class=\"wpforms-validate wpforms-form\" data-formid=\"1038\" method=\"post\" enctype=\"multipart\/form-data\" action=\"\/ar\/wp-json\/wp\/v2\/pages\/734\" data-token=\"af96c10d8f2506c9022e30d56b0a7f09\"><noscript class=\"wpforms-error-noscript\">Please enable JavaScript in your browser to complete this form.<\/noscript><div class=\"wpforms-field-container\"><div id=\"wpforms-1038-field_0-container\" class=\"wpforms-field wpforms-field-name\" data-field-id=\"0\"><label class=\"wpforms-field-label wpforms-label-hide\" for=\"wpforms-1038-field_0\">Nom <span class=\"wpforms-required-label\">*<\/span><\/label><input type=\"text\" id=\"wpforms-1038-field_0\" class=\"wpforms-field-large wpforms-field-required\" name=\"wpforms[fields][0]\" placeholder=\" \u0627\u0644\u0627\u0633\u0645 \u0648\u0627\u0644\u0644\u0642\u0628 \u0623\u0648 \u0627\u0633\u0645 \u0627\u0644\u0634\u0631\u0643\u0629\u060c \" required><\/div><div id=\"wpforms-1038-field_6-container\" class=\"wpforms-field wpforms-field-text\" data-field-id=\"6\"><label class=\"wpforms-field-label wpforms-label-hide\" for=\"wpforms-1038-field_6\">Telephone <span class=\"wpforms-required-label\">*<\/span><\/label><input type=\"text\" id=\"wpforms-1038-field_6\" class=\"wpforms-field-large wpforms-field-required\" name=\"wpforms[fields][6]\" placeholder=\"\u0631\u0642\u0645 \u0627\u0644\u0647\u0627\u062a\u0641\u060c \u0627\u0644\u0628\u0631\u064a\u062f\" required><\/div><div id=\"wpforms-1038-field_1-container\" class=\"wpforms-field wpforms-field-email\" data-field-id=\"1\"><label class=\"wpforms-field-label wpforms-label-hide\" for=\"wpforms-1038-field_1\">Email <span class=\"wpforms-required-label\">*<\/span><\/label><input type=\"email\" id=\"wpforms-1038-field_1\" class=\"wpforms-field-large wpforms-field-required\" name=\"wpforms[fields][1]\" placeholder=\"\u0627\u0644\u0625\u0644\u0643\u062a\u0631\u0648\u0646\u064a\" required><\/div><div id=\"wpforms-1038-field_8-container\" class=\"wpforms-field wpforms-field-select wpforms-field-select-style-classic\" data-field-id=\"8\"><label class=\"wpforms-field-label wpforms-label-hide\" for=\"wpforms-1038-field_8\">Type de travail <span class=\"wpforms-required-label\">*<\/span><\/label><select id=\"wpforms-1038-field_8\" class=\"wpforms-field-large wpforms-field-required\" name=\"wpforms[fields][8]\" required=\"required\"><option value=\"\" class=\"placeholder\" disabled  selected='selected'>\u0646\u0648\u0639 \u0627\u0644\u0639\u0645\u0644<\/option><option value=\"Traduction simple\" >Traduction simple<\/option><option value=\"Traduction asserment\u00e9e\" >Traduction asserment\u00e9e<\/option><option value=\"Interpr\u00e9tariat\" >Interpr\u00e9tariat<\/option><option value=\"L\u00e9galisation\" >L\u00e9galisation<\/option><\/select><\/div><div id=\"wpforms-1038-field_2-container\" class=\"wpforms-field wpforms-field-textarea\" data-field-id=\"2\"><label class=\"wpforms-field-label wpforms-label-hide\" for=\"wpforms-1038-field_2\">Message<\/label><textarea id=\"wpforms-1038-field_2\" class=\"wpforms-field-medium\" name=\"wpforms[fields][2]\" placeholder=\"\u0627\u0644\u0631\u0633\u0627\u0644\u0629\" ><\/textarea><\/div><\/div><div class=\"wpforms-field wpforms-field-hp\"><label for=\"wpforms-1038-field-hp\" class=\"wpforms-field-label\">Phone<\/label><input type=\"text\" name=\"wpforms[hp]\" id=\"wpforms-1038-field-hp\" class=\"wpforms-field-medium\"><\/div><div class=\"wpforms-submit-container\" ><input type=\"hidden\" name=\"wpforms[id]\" value=\"1038\"><input type=\"hidden\" name=\"wpforms[author]\" value=\"1\"><button type=\"submit\" name=\"wpforms[submit]\" class=\"wpforms-submit \" id=\"wpforms-submit-1038\" value=\"wpforms-submit\" aria-live=\"assertive\" data-alt-text=\"Envoi en cours...\" data-submit-text=\"\u064a\u0631\u0633\u0644\">\u064a\u0631\u0633\u0644<\/button><\/div><\/form><\/div>  <!-- .wpforms-container --><\/div>\n\n\n\n<div class=\"wp-block-column is-vertically-aligned-center\">\n<div class=\"wp-block-group\"><div class=\"wp-block-group__inner-container\">\n<h2>\u0625\u0631\u0641\u0627\u0642 \u0627\u0644\u0637\u0644\u0628 \u0628\u0645\u0627 \u064a\u0644\u064a<\/h2>\n\n\n\n<p><strong>Adresse<\/strong><br>28, Rue Vitruve 75020 PARIS<\/p>\n\n\n\n<p><strong>Email<\/strong><br>contact@bv-trad.com\u200b<\/p>\n\n\n\n<p><strong>Num\u00e9ro de t\u00e9l\u00e9phone<\/strong><br>+33 1 58 45 15 76 &#8211; +33 6 59 33 67 94<\/p>\n\n\n\n<figure class=\"wp-block-image size-large is-resized\"><img loading=\"lazy\" src=\"https:\/\/www.bv-trad.com\/wp-content\/uploads\/2021\/06\/bureau-web-1-1024x918.jpg\" alt=\"\" class=\"wp-image-472\" width=\"284\" height=\"254\" srcset=\"https:\/\/www.bv-trad.com\/wp-content\/uploads\/2021\/06\/bureau-web-1-1024x918.jpg 1024w, https:\/\/www.bv-trad.com\/wp-content\/uploads\/2021\/06\/bureau-web-1-300x269.jpg 300w, https:\/\/www.bv-trad.com\/wp-content\/uploads\/2021\/06\/bureau-web-1-768x689.jpg 768w, https:\/\/www.bv-trad.com\/wp-content\/uploads\/2021\/06\/bureau-web-1.jpg 1200w\" sizes=\"(max-width: 284px) 100vw, 284px\" \/><\/figure>\n<\/div><\/div>\n<\/div>\n<\/div>\n<\/div><\/div>\n\n\n\n<h2 class=\"has-text-align-center\"><strong><span class=\"has-inline-color has-black-color\"><strong>\u0644\u0644\u0645\u062a\u0631\u062c\u0645\u064a\u0646 \u0627\u0644\u0631\u0627\u063a\u0628\u064a\u0646 \u0641\u064a \u0627\u0644\u0639\u0645\u0644 \u0645\u0639\u0646\u0627<\/strong><\/span><\/strong><\/h2>\n\n\n\n<p class=\"has-text-align-right\">\u0646\u062d\u0646 \u0645\u0643\u062a\u0628 \u062a\u0631\u062c\u0645\u0629 \u0631\u0641\u064a\u0639 \u0627\u0644\u062f\u0631\u062c\u0629 \u0639\u0644\u0649 \u0627\u0644\u0635\u0639\u064a\u062f \u0627\u0644\u062f\u0648\u0644\u064a\u060c \u0648\u0646\u0643\u0644\u0651\u0641 \u0645\u062a\u0631\u062c\u0645\u064a\u0646 \u0645\u0633\u062a\u0642\u0644\u0651\u064a\u0646 \u062d\u0627\u0626\u0632\u064a\u0646 \u0639\u0644\u0649 \u0623\u0641\u0636\u0644 \u0627\u0644\u0645\u0624\u0647\u0651\u0644\u0627\u062a \u0644\u062a\u0646\u0641\u064a\u0630 \u0623\u0639\u0645\u0627\u0644\u0646\u0627.<\/p>\n\n\n\n<p class=\"has-text-align-right\">\u0646\u062a\u0639\u0627\u0645\u0644 \u062d\u0627\u0644\u064a\u0627 \u0645\u0639 \u0623\u0643\u062b\u0631 \u0645\u0646 100 \u0645\u062a\u0631\u062c\u0645 \u0645\u0624\u0647\u0651\u0644\u060c \u064a\u062a\u0631\u062c\u0645 \u0643\u0644 \u0645\u0646\u0647\u0645 \u0627\u0644\u0649 \u0627\u0644\u0644\u063a\u0651\u0629 \u0627\u0644\u062a\u064a \u064a\u062a\u0642\u0646\u0647\u0627 \u0641\u064a \u0645\u062c\u0627\u0644 \u062a\u062e\u0635\u0651\u0635\u0647. \u0646\u0633\u0639\u0649 \u062f\u0627\u0626\u0645\u0627 \u0627\u0644\u0649 \u062a\u0648\u0633\u064a\u0639 \u0641\u0631\u064a\u0642 \u0627\u0644\u0645\u062a\u0631\u062c\u0645\u064a\u0646 \u0627\u0644\u0630\u064a\u0646 \u0646\u062a\u0639\u0627\u0645\u0644 \u0645\u0639\u0647\u0645 \u0644\u0643\u064a \u064a\u0636\u0645\u0651 \u0644\u063a\u0648\u064a\u0651\u0640\u0640\u0640\u064a\u0646 \u0645\u0646 \u0643\u0644 \u0627\u0646\u062d\u0627\u0621 \u0627\u0644\u0639\u0627\u0644\u0645 \u0630\u0648\u064a \u0645\u0648\u0647\u0628\u0629 \u0648\u062e\u0628\u0631\u0629 \u0641\u064a \u0634\u062a\u0651\u0649&nbsp; \u0645\u064a\u0627\u062f\u064a\u0646 \u0627\u0644\u062a\u062e\u0635\u0635.<\/p>\n\n\n\n<p class=\"has-text-align-right\">\u0627\u0630\u0627 \u0642\u0628\u0644\u0646\u0627 \u062a\u0643\u0644\u064a\u0641\u0643\u0645 \u0628\u0623\u0639\u0645\u0627\u0644 \u062a\u0631\u062c\u0645\u0629\u060c \u0646\u0646\u0628\u0651\u0647\u0643\u0645 \u0627\u0644\u0649 \u0623\u0646\u0651 \u0627\u0644\u0645\u0647\u0645\u0651\u0627\u062a \u0627\u0644\u062a\u064a \u0646\u0648\u0643\u0644\u0647\u0627 \u0627\u0644\u0649 \u0627\u0644\u0645\u062a\u0631\u062c\u0645\u064a\u0646 \u0647\u064a \u063a\u0627\u0644\u0628\u0627 \u0635\u0639\u0628\u0629\u060c \u0648\u062a\u062a\u0648\u062c\u0651\u0647 \u0627\u0644\u0649 \u062a\u0646\u0648\u064a\u0639\u0629 \u0648\u0627\u0633\u0639\u0629 \u0645\u0646 \u0642\u0637\u0627\u0639 \u0627\u0644\u062e\u062f\u0645\u0627\u062a \u0648\u0642\u0637\u0627\u0639 \u0627\u0644\u0635\u0646\u0627\u0639\u0629.<\/p>\n\n\n\n<p class=\"has-text-align-right\">\u0627\u062a\u0635\u0644\u0648\u0627 \u0628\u0646\u0627 \u062f\u0648\u0646\u0645\u0627 \u062a\u0631\u062f\u0651\u062f!<\/p>\n\n\n\n<p><\/p>\n","protected":false},"excerpt":{"rendered":"<p>\u0637\u0644\u0628 \u0645\u0639\u0644\u0648\u0645\u0627\u062a \u0625\u0631\u0641\u0627\u0642 \u0627\u0644\u0637\u0644\u0628 \u0628\u0645\u0627 \u064a\u0644\u064a Adresse28, Rue Vitruve 75020 PARIS Emailcontact@bv-trad.com\u200b Num\u00e9ro de t\u00e9l\u00e9phone+33 1 58 45 15 76 &#8211; +33 6 59 33 67 94 \u0644\u0644\u0645\u062a\u0631\u062c\u0645\u064a\u0646 \u0627\u0644\u0631\u0627\u063a\u0628\u064a\u0646 \u0641\u064a \u0627\u0644\u0639\u0645\u0644 \u0645\u0639\u0646\u0627 \u0646\u062d\u0646 \u0645\u0643\u062a\u0628 \u062a\u0631\u062c\u0645\u0629 \u0631\u0641\u064a\u0639 \u0627\u0644\u062f\u0631\u062c\u0629 \u0639\u0644\u0649 \u0627\u0644\u0635\u0639\u064a\u062f \u0627\u0644\u062f\u0648\u0644\u064a\u060c \u0648\u0646\u0643\u0644\u0651\u0641 \u0645\u062a\u0631\u062c\u0645\u064a\u0646 \u0645\u0633\u062a\u0642\u0644\u0651\u064a\u0646 \u062d\u0627\u0626\u0632\u064a\u0646 \u0639\u0644\u0649 \u0623\u0641\u0636\u0644 \u0627\u0644\u0645\u0624\u0647\u0651\u0644\u0627\u062a \u0644\u062a\u0646\u0641\u064a\u0630 \u0623\u0639\u0645\u0627\u0644\u0646\u0627. \u0646\u062a\u0639\u0627\u0645\u0644 \u062d\u0627\u0644\u064a\u0627 \u0645\u0639 \u0623\u0643\u062b\u0631 \u0645\u0646 100 &hellip;<\/p>\n<p class=\"read-more\"> <a class=\"\" href=\"https:\/\/www.bv-trad.com\/ar\/contact\/\"> <span class=\"screen-reader-text\">Contact<\/span> \u0642\u0631\u0627\u0621\u0629 \u0627\u0644\u0645\u0632\u064a\u062f &raquo;<\/a><\/p>\n","protected":false},"author":1,"featured_media":0,"parent":0,"menu_order":0,"comment_status":"closed","ping_status":"closed","template":"","meta":[],"yoast_head":"<!-- This site is optimized with the Yoast SEO plugin v16.4 - https:\/\/yoast.com\/wordpress\/plugins\/seo\/ -->\n<title>Contact - BV Trad\u2019<\/title>\n<meta name=\"description\" content=\"\u0644\u0644\u0627\u0633\u062a\u0639\u0644\u0627\u0645 \u0639\u0646 \u0627\u0644\u062e\u062f\u0645\u0627\u062a \u0627\u0644\u062a\u064a \u064a\u0624\u062f\u0651\u064a\u0647\u0627 \u0645\u0643\u062a\u0628 BV TRAD\u2019\u060c \u0646\u0631\u062c\u0648 \u0645\u0646\u0643\u0645 \u0627\u0644\u0627\u062a\u0635\u0627\u0644 \u0628\u0646\u0627 \u0628\u0627\u0644\u0647\u0627\u062a\u0641 \u0623\u0648 \u0628\u0645\u0644\u0621 \u0627\u0633\u062a\u0645\u0627\u0631\u0629 \u0627\u0644\u0627\u062a\u0635\u0627\u0644.\" \/>\n<meta name=\"robots\" content=\"index, follow, max-snippet:-1, max-image-preview:large, max-video-preview:-1\" \/>\n<link rel=\"canonical\" href=\"https:\/\/www.bv-trad.com\/ar\/contact\/\" \/>\n<meta property=\"og:locale\" content=\"ar_AR\" \/>\n<meta property=\"og:type\" content=\"article\" \/>\n<meta property=\"og:title\" content=\"Contact - BV Trad\u2019\" \/>\n<meta property=\"og:description\" content=\"\u0644\u0644\u0627\u0633\u062a\u0639\u0644\u0627\u0645 \u0639\u0646 \u0627\u0644\u062e\u062f\u0645\u0627\u062a \u0627\u0644\u062a\u064a \u064a\u0624\u062f\u0651\u064a\u0647\u0627 \u0645\u0643\u062a\u0628 BV TRAD\u2019\u060c \u0646\u0631\u062c\u0648 \u0645\u0646\u0643\u0645 \u0627\u0644\u0627\u062a\u0635\u0627\u0644 \u0628\u0646\u0627 \u0628\u0627\u0644\u0647\u0627\u062a\u0641 \u0623\u0648 \u0628\u0645\u0644\u0621 \u0627\u0633\u062a\u0645\u0627\u0631\u0629 \u0627\u0644\u0627\u062a\u0635\u0627\u0644.\" \/>\n<meta property=\"og:url\" content=\"https:\/\/www.bv-trad.com\/ar\/contact\/\" \/>\n<meta property=\"og:site_name\" content=\"BV Trad\u2019\" \/>\n<meta property=\"article:modified_time\" content=\"2021-09-20T12:52:01+00:00\" \/>\n<meta property=\"og:image\" content=\"https:\/\/www.bv-trad.com\/wp-content\/uploads\/2021\/06\/bureau-web-1-1024x918.jpg\" \/>\n<meta name=\"twitter:card\" content=\"summary_large_image\" \/>\n<meta name=\"twitter:label1\" content=\"\u0648\u0642\u062a \u0627\u0644\u0642\u0631\u0627\u0621\u0629 \u0627\u0644\u0645\u064f\u0642\u062f\u0651\u0631\" \/>\n\t<meta name=\"twitter:data1\" content=\"1 \u062f\u0642\u064a\u0642\u0629\" \/>\n<script type=\"application\/ld+json\" class=\"yoast-schema-graph\">{\"@context\":\"https:\/\/schema.org\",\"@graph\":[{\"@type\":\"WebSite\",\"@id\":\"https:\/\/www.bv-trad.com\/#website\",\"url\":\"https:\/\/www.bv-trad.com\/\",\"name\":\"BV Trad\\u2019\",\"description\":\"Un site utilisant WordPress\",\"potentialAction\":[{\"@type\":\"SearchAction\",\"target\":\"https:\/\/www.bv-trad.com\/?s={search_term_string}\",\"query-input\":\"required name=search_term_string\"}],\"inLanguage\":\"ar\"},{\"@type\":\"ImageObject\",\"@id\":\"https:\/\/www.bv-trad.com\/ar\/contact\/#primaryimage\",\"inLanguage\":\"ar\",\"url\":\"https:\/\/www.bv-trad.com\/wp-content\/uploads\/2021\/06\/bureau-web-1.jpg\",\"contentUrl\":\"https:\/\/www.bv-trad.com\/wp-content\/uploads\/2021\/06\/bureau-web-1.jpg\",\"width\":1200,\"height\":1076},{\"@type\":\"WebPage\",\"@id\":\"https:\/\/www.bv-trad.com\/ar\/contact\/#webpage\",\"url\":\"https:\/\/www.bv-trad.com\/ar\/contact\/\",\"name\":\"Contact - BV Trad\\u2019\",\"isPartOf\":{\"@id\":\"https:\/\/www.bv-trad.com\/#website\"},\"primaryImageOfPage\":{\"@id\":\"https:\/\/www.bv-trad.com\/ar\/contact\/#primaryimage\"},\"datePublished\":\"2020-09-15T06:49:03+00:00\",\"dateModified\":\"2021-09-20T12:52:01+00:00\",\"description\":\"\\u0644\\u0644\\u0627\\u0633\\u062a\\u0639\\u0644\\u0627\\u0645 \\u0639\\u0646 \\u0627\\u0644\\u062e\\u062f\\u0645\\u0627\\u062a \\u0627\\u0644\\u062a\\u064a \\u064a\\u0624\\u062f\\u0651\\u064a\\u0647\\u0627 \\u0645\\u0643\\u062a\\u0628 BV TRAD\\u2019\\u060c \\u0646\\u0631\\u062c\\u0648 \\u0645\\u0646\\u0643\\u0645 \\u0627\\u0644\\u0627\\u062a\\u0635\\u0627\\u0644 \\u0628\\u0646\\u0627 \\u0628\\u0627\\u0644\\u0647\\u0627\\u062a\\u0641 \\u0623\\u0648 \\u0628\\u0645\\u0644\\u0621 \\u0627\\u0633\\u062a\\u0645\\u0627\\u0631\\u0629 \\u0627\\u0644\\u0627\\u062a\\u0635\\u0627\\u0644.\",\"breadcrumb\":{\"@id\":\"https:\/\/www.bv-trad.com\/ar\/contact\/#breadcrumb\"},\"inLanguage\":\"ar\",\"potentialAction\":[{\"@type\":\"ReadAction\",\"target\":[\"https:\/\/www.bv-trad.com\/ar\/contact\/\"]}]},{\"@type\":\"BreadcrumbList\",\"@id\":\"https:\/\/www.bv-trad.com\/ar\/contact\/#breadcrumb\",\"itemListElement\":[{\"@type\":\"ListItem\",\"position\":1,\"item\":{\"@id\":\"https:\/\/www.bv-trad.com\/ar\/contact\/#webpage\"}}]}]}<\/script>\n<!-- \/ Yoast SEO plugin. -->","_links":{"self":[{"href":"https:\/\/www.bv-trad.com\/ar\/wp-json\/wp\/v2\/pages\/734"}],"collection":[{"href":"https:\/\/www.bv-trad.com\/ar\/wp-json\/wp\/v2\/pages"}],"about":[{"href":"https:\/\/www.bv-trad.com\/ar\/wp-json\/wp\/v2\/types\/page"}],"author":[{"embeddable":true,"href":"https:\/\/www.bv-trad.com\/ar\/wp-json\/wp\/v2\/users\/1"}],"replies":[{"embeddable":true,"href":"https:\/\/www.bv-trad.com\/ar\/wp-json\/wp\/v2\/comments?post=734"}],"version-history":[{"count":5,"href":"https:\/\/www.bv-trad.com\/ar\/wp-json\/wp\/v2\/pages\/734\/revisions"}],"predecessor-version":[{"id":1047,"href":"https:\/\/www.bv-trad.com\/ar\/wp-json\/wp\/v2\/pages\/734\/revisions\/1047"}],"wp:attachment":[{"href":"https:\/\/www.bv-trad.com\/ar\/wp-json\/wp\/v2\/media?parent=734"}],"curies":[{"name":"wp","href":"https:\/\/api.w.org\/{rel}","templated":true}]}}